{"id":6239,"date":"2020-09-29T08:41:05","date_gmt":"2020-09-29T15:41:05","guid":{"rendered":"https:\/\/montage-demo.azds.com\/loscabos\/dining\/mezcal\/libations\/"},"modified":"2025-01-30T14:42:04","modified_gmt":"2025-01-30T21:42:04","slug":"libations","status":"publish","type":"page","link":"https:\/\/www.montage.com\/loscabos\/es\/dining\/mezcal-3\/libations\/","title":{"rendered":"Libations"},"content":{"rendered":"<div id=\"libations-mezcal\" class=\"hero\">\n    <div class=\"hero__container swiper-container hero__container-- \">\n        <div class=\"hero__wrapper hero__wrapper--  \">\n                                        <div class=\"hero__slide hero__slide--  swiper-slide\">\n            <img loading=\"lazy\" decoding=\"async\" width=\"1920\" height=\"1080\" src=\"https:\/\/uploads.montage.com\/uploads\/sites\/7\/2020\/01\/22115848\/cocktail-and-tequila-tasting-cabo-san-lucas-1920x1080.webp\" class=\"hero__image \" alt=\"A pink cocktail at Montage Los Cabos\">\n                    <\/div>\n                        <\/div>\n\n        \n\n                    <div class=\"hero__caption hero__caption--booking-widget\">\n                <div class=\"hero__caption-inner\">\n                    <div class=\"lazy-picture\">\n                        <img data-src=\"https:\/\/uploads.montage.com\/uploads\/sites\/7\/2023\/05\/30122119\/Mezcal_Reverse-1.webp\" class=\"hero-logo\" alt=\"Mezcal Logo\">\n                    <\/div>\n                <\/div>\n            <\/div>\n        \n    <\/div>\n\n            <div class=\"hero__widget hero__widget--middle\">\n                        <div id=\"table-widget\" class=\"booking-widget\">\n        <form class=\"booking-widget__form\" action=\"https:\/\/www.opentable.com\/r\/mezcal-at-montage-los-cabos-cabo-san-lucas\" aria-label=\"Booking form\">\n        <fieldset class=\"booking-widget__fields d-flex\">\n            <legend class=\"sr-only\">Booking information<\/legend>\n            <label class=\"booking-widget__label booking-widget__label--center d-none d-lg-inline-flex\" for=\"restaurant-selector\">\n                Restaurant\n                <select class=\"px-4 booking-widget__select\" id=\"restaurant-selector\" name=\"covers\" title=\"Select a Restaurant\">\n                                            <option value=\"1011586\" data-url=\"https:\/\/www.opentable.com\/r\/mezcal-at-montage-los-cabos-cabo-san-lucas\">Mezcal<\/option>\n                                            <option value=\"1011568\" data-url=\"https:\/\/www.opentable.com\/r\/marea-at-montage-los-cabos-cabo-san-lucas\">Marea<\/option>\n                                            <option value=\"1080508\" data-url=\"https:\/\/www.opentable.com\/r\/talay-thai-montage-los-cabos-cabo-san-lucas\">Talay<\/option>\n                                            <option value=\"1011568\" data-url=\"https:\/\/www.opentable.com\/r\/marea-at-montage-los-cabos-cabo-san-lucas\">Sushi Bar<\/option>\n                                    <\/select>\n            <\/label>\n            <div class=\"d-none d-lg-inline-flex booking-widget__label booking-widget__label--center\">\n                Date\n                <button class=\"booking-widget__date booking-widget__cursor-pointer\">\n                    <span class=\"booking-widget__field-date booking-widget__option-date\">\n                        April 3\n                    <\/span>\n                <\/button>\n                <input id=\"datetime\" name=\"datetime\" value=\"April 3\" data-formatted-date=\"2026-04-03T07:00\" type=\"hidden\">\n            <\/div>\n            <div class=\"booking-widget__label booking-widget__label--center d-none d-lg-inline-flex\">\n                Guests\n                <select class=\"px-4 booking-widget__select\" id=\"adult-selector\" name=\"covers\" title=\"Guests\">\n                                            <option value=\"1\">1<\/option>\n                                            <option selected value=\"2\">2<\/option>\n                                            <option value=\"3\">3<\/option>\n                                            <option value=\"4\">4<\/option>\n                                            <option value=\"5\">5<\/option>\n                                            <option value=\"6\">6<\/option>\n                                    <\/select>\n            <\/div>\n            \n<script type=\"application\/javascript\">\n    var daterangeLocale = {\n        format: 'MMMM D',\n        applyLabel: \"Apply\",\n        cancelLabel: \"Cancel\",\n        fromLabel: \"From\",\n        toLabel: \"To\",\n        daysOfWeek: [\n            \"Su\",\n            \"Mo\",\n            \"Tu\",\n            \"We\",\n            \"Th\",\n            \"Fr\",\n            \"Sa\"\n        ],\n        monthNames: [\n            \"January\",\n            \"February\",\n            \"March\",\n            \"April\",\n            \"May\",\n            \"June\",\n            \"July\",\n            \"August\",\n            \"September\",\n            \"October\",\n            \"November\",\n            \"December\"\n        ]\n    };\n<\/script>\n            <button type=\"submit\" class=\"booking-widget__submit\" data-restref=\"\">\n                Check availability\n            <\/button>\n        <\/fieldset>\n    <\/form>\n<\/div>\n\n        <\/div>\n    \n    \n<\/div>\n\n\n<div id=\"libations-mezcal\" class=\"page-section page-section--intro-box-default\">\n    <div class=\"intro-box container\">\n        <div class=\"intro-box__container\">\n            <div class=\"row\">\n                <div class=\"col-lg-8 intro-box__content  intro-box__content--regular\">\n                                                                                                                <h1 class=\"intro-box__title c-title--black\">C&oacute;cteles<\/h1>\n                                                                <div class=\"intro-box__caption\">\n                                                                                    <div class=\" intro-box__caption--regular\"><p>Descubra los mejores licores de M&eacute;xico a trav&eacute;s de catas de tequila y mezcal artesanal, c&oacute;cteles inspirados en sabores locales frescos y mucho m&aacute;s.<\/p>\n<\/div>\n                                                    \n                                                                                                <\/div>\n                <\/div>\n                                                            <div class=\"col-lg-4 d-flex intro-box__table intro-box__table--regular\">\n                            <div class=\"provision\">\n                                                                    <div class=\"provision__item\">\n                                                                                                                                    <h2 class=\"provision__title--regular\">Horario de atenci&oacute;n<\/h2>\n                                                                                                                            <div class=\"provision__caption\"><p><strong>Desayuno<\/strong>&nbsp;| 7:00am &ndash; 12:00pm.<br>\n<strong>Cena<\/strong>&nbsp;| 6:00pm &ndash; 10:00pm<br>\n<strong>Bar<\/strong>&nbsp;| 5:00pm &ndash; 12:00am<\/p>\n<\/div>\n                                                                            <\/div>\n                                                                    <div class=\"provision__item\">\n                                                                                                                                    <h2 class=\"provision__title--regular\">Contacto<\/h2>\n                                                                                                                            <div class=\"provision__caption\"><p>Reservaciones: <a href=\"tel:526241632000\">+52 (624) 1632000<\/a><\/p>\n<\/div>\n                                                                            <\/div>\n                                                            <\/div>\n                        <\/div>\n                                                <\/div>\n        <\/div>\n    <\/div>\n<\/div>\n\n\n<section id=\"libations-mezcal\" class=\"page-section content-box page-section--gray\">\n    <div class=\"c-appeared c-appeared--down\">\n        <div class=\"container\">\n            <article class=\"content-box content-box--content-box\">\n                <div class=\"content-box__container\">\n                    <div class=\"row justify-content-between \">\n                        <div class=\"col-lg-7 order-lg-2\">\n                            <div class=\"content-box__picture content-box__picture--right\">\n                                                                    <div class=\"content-box__slider swiper\">\n                                        <div class=\"swiper-wrapper\">\n                                                                                            <div class=\"swiper-slide content-box__slide\">\n                                                    <img loading=\"lazy\" decoding=\"async\" width=\"768\" height=\"512\" src=\"https:\/\/uploads.montage.com\/uploads\/sites\/7\/2023\/05\/23115007\/Mezcal-4J2A0493-HighRes-1-768x512.webp\" class=\"content-box__image\" alt=\"Interior of Mezcal\">\n                                                <\/div>\n                                                                                    <\/div>\n                                                                            <\/div>\n                                                            <\/div>\n                        <\/div>\n                        <div class=\" col-lg-5 col-xl-5 order-lg-1\">\n                            <div class=\" d-flex col-lg-11 align-items-top\">\n                                <div class=\"d-flex flex-column col-12\">\n                                <div class=\"c-expander c-expander--content-box\">\n                                    <div class=\"c-expander__excerpt content-box__excerpt-wrapper\">\n                                        <div class=\"c-expander__excerpt-inner\">\n                                            \n                                                                                            <h2 class=\"content-box__title content-box__title--content-box c-title c-title--secondary c-title--black\">Men&uacute;s del Bar<\/h2>\n                                            \n                                            \n                                            \n                                                                                    <\/div>\n                                        <div class=\"c-expander__shadow c-expander__shadow--gray\"><\/div>\n                                    <\/div>\n                                    <div class=\"c-expander__button c-expander__button--content-box\">\n                                        <button class=\"c-expander__button-label c-expander__button-label--content-box c-expander__button-label--\" aria-label=\"Read more\"><\/button>\n                                    <\/div>\n\n                                    \n                                    \n                                <\/div>\n                                                                    <div class=\"content-box__more-wrapper\">\n                                                                                    <span class=\"content-box__more-container\">\n                                                <a href=\"\/loscabos\/menus\/mezcal-drinks\/\" class=\"c-button content-box__more--gray content-box__more--content-box content-box__more--\" aria-label=\"Read about drinks\">\n                                                    Cocktails\n\n                                                                                                    <\/a>\n                                            <\/span>\n                                                                                    <span class=\"content-box__more-container\">\n                                                <a href=\"\/loscabos\/menus\/mezcal-cocteles\/\" class=\"c-button content-box__more--gray content-box__more--content-box content-box__more--\" aria-label=\"Read about bebidas\">\n                                                    Men&uacute; de C&oacute;cteles \n\n                                                                                                    <\/a>\n                                            <\/span>\n                                                                            <\/div>\n                                \n                                                                <\/div>\n                            <\/div>\n                        <\/div>\n                    <\/div>\n                <\/div>\n            <\/article>\n        <\/div>\n    <\/div>\n<\/section>\n\n\n<div id=\"libations-mezcal\" class=\"page-section page-section--white c-spacing__bottom--none c-spacing__top--none slider\">\n    <div class=\"listing listing-double c-appeared c-appeared--down\">\n        <div class=\"listing-double__container listing-double__container--slider\">\n                        <div class=\"offer-box__slider slider__swiper\">\n                <div class=\"swiper-wrapper\">\n                                                                        <div class=\"slider__slide slider__slide--listing swiper-slide\">\n                                                                    <img data-src=\"https:\/\/uploads.montage.com\/uploads\/sites\/7\/2021\/07\/27120132\/Montage-1376-scaled.webp\" data-srcset=\"\" class=\"slider__image slider__image--listing swiper-lazy\" alt=\"beverage\">\n                                                                <div class=\"c-swiper-preloader swiper-lazy-preloader\"><\/div>\n                            <\/div>\n                                                                                                <div class=\"slider__slide slider__slide--listing swiper-slide\">\n                                                                    <img data-src=\"https:\/\/uploads.montage.com\/uploads\/sites\/7\/2020\/01\/22115848\/cocktail-and-tequila-tasting-cabo-san-lucas.webp\" data-srcset=\"\" class=\"slider__image slider__image--listing swiper-lazy\" alt=\"A pink cocktail at Montage Los Cabos\">\n                                                                <div class=\"c-swiper-preloader swiper-lazy-preloader\"><\/div>\n                            <\/div>\n                                                            <\/div>\n                                    <div class=\"slider__navigation\">\n                        <button type=\"button\" aria-label=\"slider previous\" class=\"slider__btn slider__btn--prev\">\n                            <div class=\"c-arrow slider__arrow\"><\/div>\n                        <\/button>\n                        <div class=\"slider__pagination offer-box__pagination offer-box__pagination--white swiper-pagination align-items-center\" role=\"navigation\" aria-label=\"Pagination\">&nbsp;<\/div>\n                        <button type=\"button\" aria-label=\"slider next\" class=\"slider__btn slider__btn--next\">\n                            <div class=\"c-arrow slider__arrow\"><\/div>\n                        <\/button>\n                    <\/div>\n                            <\/div>\n        <\/div>\n    <\/div>\n<\/div>\n","protected":false},"excerpt":{"rendered":"","protected":false},"author":102,"featured_media":0,"parent":6243,"menu_order":0,"comment_status":"closed","ping_status":"closed","template":"","meta":{"_acf_changed":false,"footnotes":""},"class_list":["post-6239","page","type-page","status-publish","hentry"],"acf":[],"yoast_head":"<!-- This site is optimized with the Yoast SEO plugin v26.9 - https:\/\/yoast.com\/product\/yoast-seo-wordpress\/ -->\n<title>Men\u00fa de Bebidas del Restaurante Mezcal | Montage Los Cabos<\/title>\n<meta name=\"description\" content=\"Descubra los c\u00f3cteles exclusivos y degustaciones de tequila y mezcal en el restaurante Mezcal de Montage Los Cabos.\" \/>\n<meta name=\"robots\" content=\"index, follow, max-snippet:-1, max-image-preview:large, max-video-preview:-1\" \/>\n<link rel=\"canonical\" href=\"https:\/\/www.montage.com\/loscabos\/es\/dining\/mezcal-3\/libations\/\" \/>\n<meta property=\"og:locale\" content=\"es_ES\" \/>\n<meta property=\"og:type\" content=\"article\" \/>\n<meta property=\"og:title\" content=\"Men\u00fa de Bebidas del Restaurante Mezcal | Montage Los Cabos\" \/>\n<meta property=\"og:description\" content=\"Descubra los c\u00f3cteles exclusivos y degustaciones de tequila y mezcal en el restaurante Mezcal de Montage Los Cabos.\" \/>\n<meta property=\"og:url\" content=\"https:\/\/www.montage.com\/loscabos\/es\/dining\/mezcal-3\/libations\/\" \/>\n<meta property=\"og:site_name\" content=\"Montage Los Cabos\" \/>\n<meta property=\"article:modified_time\" content=\"2025-01-30T21:42:04+00:00\" \/>\n<meta property=\"og:image\" content=\"https:\/\/uploads.montage.com\/uploads\/sites\/7\/2020\/06\/01144122\/mlc-og.webp\" \/>\n\t<meta property=\"og:image:width\" content=\"1200\" \/>\n\t<meta property=\"og:image:height\" content=\"630\" \/>\n\t<meta property=\"og:image:type\" content=\"image\/jpeg\" \/>\n<meta name=\"twitter:card\" content=\"summary_large_image\" \/>\n<!-- \/ Yoast SEO plugin. -->","yoast_head_json":{"title":"Men\u00fa de Bebidas del Restaurante Mezcal | Montage Los Cabos","description":"Descubra los c\u00f3cteles exclusivos y degustaciones de tequila y mezcal en el restaurante Mezcal de Montage Los Cabos.","robots":{"index":"index","follow":"follow","max-snippet":"max-snippet:-1","max-image-preview":"max-image-preview:large","max-video-preview":"max-video-preview:-1"},"canonical":"https:\/\/www.montage.com\/loscabos\/es\/dining\/mezcal-3\/libations\/","og_locale":"es_ES","og_type":"article","og_title":"Men\u00fa de Bebidas del Restaurante Mezcal | Montage Los Cabos","og_description":"Descubra los c\u00f3cteles exclusivos y degustaciones de tequila y mezcal en el restaurante Mezcal de Montage Los Cabos.","og_url":"https:\/\/www.montage.com\/loscabos\/es\/dining\/mezcal-3\/libations\/","og_site_name":"Montage Los Cabos","article_modified_time":"2025-01-30T21:42:04+00:00","og_image":[{"width":1200,"height":630,"url":"https:\/\/uploads.montage.com\/uploads\/sites\/7\/2020\/06\/01144122\/mlc-og.webp","type":"image\/jpeg"}],"twitter_card":"summary_large_image","schema":{"@context":"https:\/\/schema.org","@graph":[{"@type":"WebPage","@id":"https:\/\/www.montage.com\/loscabos\/es\/dining\/mezcal-3\/libations\/","url":"https:\/\/www.montage.com\/loscabos\/es\/dining\/mezcal-3\/libations\/","name":"Men\u00fa de Bebidas del Restaurante Mezcal | Montage Los Cabos","isPartOf":{"@id":"https:\/\/www.montagehotels.com\/loscabos\/#website"},"datePublished":"2020-09-29T15:41:05+00:00","dateModified":"2025-01-30T21:42:04+00:00","description":"Descubra los c\u00f3cteles exclusivos y degustaciones de tequila y mezcal en el restaurante Mezcal de Montage Los Cabos.","breadcrumb":{"@id":"https:\/\/www.montage.com\/loscabos\/es\/dining\/mezcal-3\/libations\/#breadcrumb"},"inLanguage":"es-ES","potentialAction":[{"@type":"ReadAction","target":["https:\/\/www.montage.com\/loscabos\/es\/dining\/mezcal-3\/libations\/"]}]},{"@type":"BreadcrumbList","@id":"https:\/\/www.montage.com\/loscabos\/es\/dining\/mezcal-3\/libations\/#breadcrumb","itemListElement":[{"@type":"ListItem","position":1,"name":"Home","item":"https:\/\/www.montage.com\/loscabos\/es\/"},{"@type":"ListItem","position":2,"name":"Dining","item":"https:\/\/www.montage.com\/loscabos\/es\/dining\/"},{"@type":"ListItem","position":3,"name":"Mezcal Old","item":"https:\/\/www.montage.com\/loscabos\/es\/?page_id=6243"},{"@type":"ListItem","position":4,"name":"Libations"}]},{"@type":"WebSite","@id":"https:\/\/www.montagehotels.com\/loscabos\/#website","url":"https:\/\/www.montagehotels.com\/loscabos\/","name":"Montage Los Cabos","description":"Montage Los Cabos","potentialAction":[{"@type":"SearchAction","target":{"@type":"EntryPoint","urlTemplate":"https:\/\/www.montagehotels.com\/loscabos\/?s={search_term_string}"},"query-input":{"@type":"PropertyValueSpecification","valueRequired":true,"valueName":"search_term_string"}}],"inLanguage":"es-ES"}]}},"blocks_json":[{"blockName":"acf\/hero-slider","attrs":{"id":"block_646798374402f","name":"acf\/hero-slider","data":{"logo":14457,"_logo":"field_5d663d2147e22","hero_slide_0_image_slide":6750,"_hero_slide_0_image_slide":"field_5c192ef79fc8c","hero_slide":["image"],"_hero_slide":"field_5c19359faec57","widgets":"[table-widget]","_widgets":"field_5d9dde0ce9057","widget_settings_position":"middle","_widget_settings_position":"field_6368dbbcb7989","widget_settings_title":"","_widget_settings_title":"field_6136100c00b77","widget_settings":"","_widget_settings":"field_5f0305cd60ec3","expiry_date":"","_expiry_date":"field_6397004a6de4f","tmc_id":"tmc_6909e13a06d05_block","_tmc_id":"field_650c65b403c86"},"mode":"edit","anchor":"libations-mezcal"},"innerBlocks":[],"innerHTML":"","innerContent":[]},{"blockName":"acf\/intro-box","attrs":{"id":"block_64679837022e1","name":"acf\/intro-box","data":{"title":"C\u00f3cteles","_title":"field_5d63da2c62aba","subtitle":"","_subtitle":"field_5d63da4462abb","description":"Descubra los mejores licores de M\u00e9xico a trav\u00e9s de catas de tequila y mezcal artesanal, c\u00f3cteles inspirados en sabores locales frescos y mucho m\u00e1s.","_description":"field_5d63da7bdce32","buttons":"","_buttons":"field_5d63da99dce33","table_0_title":"Horario de atenci\u00f3n","_table_0_title":"field_5d91e679568bd","table_0_excerpt":"<strong>Desayuno<\/strong>\u00a0| 7:00am \u2013 12:00pm.\r\n<strong>Cena<\/strong>\u00a0| 6:00pm \u2013 10:00pm\r\n<strong>Bar<\/strong>\u00a0| 5:00pm \u2013 12:00am","_table_0_excerpt":"field_5d91d8a132138","table_0_note":"","_table_0_note":"field_5d91f054df595","table_1_title":"Contacto","_table_1_title":"field_5d91e679568bd","table_1_excerpt":"Reservaciones: <a href=\"tel:526241632000\">+52 (624) 1632000<\/a>","_table_1_excerpt":"field_5d91d8a132138","table_1_note":"","_table_1_note":"field_5d91f054df595","table":2,"_table":"field_5d91d87d32137","template":"regular","_template":"field_632d9c45a7f22","expiry_date":"","_expiry_date":"field_6397004a6de4f","tmc_id":"tmc_6909e13a06d07_block","_tmc_id":"field_650c65b403c86"},"mode":"edit","anchor":"libations-mezcal"},"innerBlocks":[],"innerHTML":"","innerContent":[]},{"blockName":"acf\/content-box","attrs":{"id":"block_647e35915978d","name":"acf\/content-box","data":{"tagline":"","_tagline":"field_5e13185ff6543","title":"Men\u00fas del Bar","_title":"field_5d94628233f68","subtitle":"","_subtitle":"field_5d94628e33f69","description":"","_description":"field_5d94629a33f6a","images_0_image":13704,"_images_0_image":"field_5d9478b687907","images":1,"_images":"field_5dc15613ec84d","more_links_0_link":{"title":"Cocktails","url":"\/loscabos\/menus\/mezcal-drinks\/","target":""},"_more_links_0_link":"field_5d9474f4e5869","more_links_0_color":"gray","_more_links_0_color":"field_5d94754ee586a","more_links_1_link":{"title":"Men\u00fa de C\u00f3cteles ","url":"\/loscabos\/menus\/mezcal-cocteles\/","target":""},"_more_links_1_link":"field_5d9474f4e5869","more_links_1_color":"gray","_more_links_1_color":"field_5d94754ee586a","more_links":2,"_more_links":"field_5d9472789a43b","custom_links":"","_custom_links":"field_5d9470a533f74","note":"","_note":"field_5d94736d3fdc6","template":"image-right-gray","_template":"field_62dfb48ce62d5","expiry_date":"","_expiry_date":"field_6397004a6de4f","tmc_id":"tmc_6909e13a06d08_block","_tmc_id":"field_650c65b403c86"},"mode":"edit","anchor":"libations-mezcal"},"innerBlocks":[],"innerHTML":"","innerContent":[]},{"blockName":"acf\/slider","attrs":{"id":"block_646798379f84c","name":"acf\/slider","data":{"padding_top":"none","_padding_top":"field_642d25af0578b","padding_bottom":"none","_padding_bottom":"field_642d26a20578c","title":"","_title":"field_5d9462e25395e","subtitle":"","_subtitle":"field_5d9462e95395f","slides_0_image":8568,"_slides_0_image":"field_5d94641d53961","slides_1_image":6750,"_slides_1_image":"field_5d94641d53961","slides":["image","image"],"_slides":"field_5d94633053960","template":"white-box","_template":"field_63733df012d25","expiry_date":"","_expiry_date":"field_6397004a6de4f","tmc_id":"tmc_6909e13a06d09_block","_tmc_id":"field_650c65b403c86"},"mode":"edit","anchor":"libations-mezcal"},"innerBlocks":[],"innerHTML":"","innerContent":[]}],"_links":{"self":[{"href":"https:\/\/www.montage.com\/loscabos\/es\/wp-json\/wp\/v2\/pages\/6239","targetHints":{"allow":["GET"]}}],"collection":[{"href":"https:\/\/www.montage.com\/loscabos\/es\/wp-json\/wp\/v2\/pages"}],"about":[{"href":"https:\/\/www.montage.com\/loscabos\/es\/wp-json\/wp\/v2\/types\/page"}],"author":[{"embeddable":true,"href":"https:\/\/www.montage.com\/loscabos\/es\/wp-json\/wp\/v2\/users\/102"}],"replies":[{"embeddable":true,"href":"https:\/\/www.montage.com\/loscabos\/es\/wp-json\/wp\/v2\/comments?post=6239"}],"version-history":[{"count":3,"href":"https:\/\/www.montage.com\/loscabos\/es\/wp-json\/wp\/v2\/pages\/6239\/revisions"}],"predecessor-version":[{"id":15256,"href":"https:\/\/www.montage.com\/loscabos\/es\/wp-json\/wp\/v2\/pages\/6239\/revisions\/15256"}],"up":[{"embeddable":true,"href":"https:\/\/www.montage.com\/loscabos\/es\/wp-json\/wp\/v2\/pages\/6243"}],"wp:attachment":[{"href":"https:\/\/www.montage.com\/loscabos\/es\/wp-json\/wp\/v2\/media?parent=6239"}],"curies":[{"name":"wp","href":"https:\/\/api.w.org\/{rel}","templated":true}]}}