{"id":6179,"date":"2020-09-29T08:31:01","date_gmt":"2020-09-29T15:31:01","guid":{"rendered":"https:\/\/montage-demo.azds.com\/loscabos\/gatherings\/"},"modified":"2025-10-16T11:51:22","modified_gmt":"2025-10-16T18:51:22","slug":"gatherings","status":"publish","type":"page","link":"https:\/\/www.montage.com\/loscabos\/es\/gatherings\/","title":{"rendered":"Gatherings"},"content":{"rendered":"<div id=\"getherings\" class=\"hero\">\n    <div class=\"hero__container swiper-container hero__container-- \">\n        <div class=\"hero__wrapper hero__wrapper--  \">\n                                        <div class=\"hero__slide hero__slide--  swiper-slide\">\n            <img loading=\"lazy\" decoding=\"async\" width=\"1600\" height=\"1080\" src=\"https:\/\/uploads.montage.com\/uploads\/sites\/7\/2025\/02\/19124413\/Jenny-Quicksall-Photography_KC-x-Montage-Day-1-630-1600x1080.webp\" class=\"hero__image \" alt=\"wedding photoshoot\">\n                    <\/div>\n                        <\/div>\n\n        \n\n        \n    <\/div>\n\n            <div class=\"hero__widget hero__widget--middle\">\n                        <div class=\"booking-widget\">\n    \n    \n                        <h1 class=\"booking-widget__title c-title--hero c-title--white \">\n                Celebraciones\n            <\/h1>\n                <\/div>\n\n        <\/div>\n    \n    \n<\/div>\n\n\n<div id=\"gatherings\" class=\"page-section page-section--intro-box-default\">\n    <div class=\"intro-box container\">\n        <div class=\"intro-box__container\">\n            <div class=\"row\">\n                <div class=\"col-lg-12 text-center intro-box__content  intro-box__content--philosophy\">\n                                                                                <div class=\"intro-box__caption d-flex flex-column align-items-center justify-content-center\">\n                                                                                    <div class=\" intro-box__caption--philosophy\"><p>Desde bodas impresionantes hasta retiros corporativos, realce su reuni&oacute;n con el impresionante tel&oacute;n de fondo de la Bah&iacute;a de Santa Mar&iacute;a.<\/p>\n<\/div>\n                                                    \n                                                                                    <div class=\"intro-box__row\">\n                                                                            <a href=\"\/loscabos\/es\/gatherings\/rfp\/\" aria-label=\"Read about request for proposal &ndash; spanish\" class=\"intro-box__button c-button c-button--box\">Solicitud de propuesta<\/a>\n                                                                            <a href=\"\/loscabos\/es\/gatherings\/meeting-event-space\/\" aria-label=\"Read about meeting &amp; event space\" class=\"intro-box__button c-button c-button--box\">Espacio para reuniones<\/a>\n                                                                    <\/div>\n                                                                        <\/div>\n                <\/div>\n                                                                <\/div>\n        <\/div>\n    <\/div>\n<\/div>\n\n\n<section id=\"weddings\" class=\"page-section content-box page-section--gray\">\n    <div class=\"c-appeared c-appeared--down\">\n        <div class=\"container\">\n            <article class=\"content-box content-box--content-box\">\n                <div class=\"content-box__container\">\n                    <div class=\"row justify-content-between align-items-center\">\n                        <div class=\"col-lg-7 order-lg-2\">\n                            <div class=\"content-box__picture content-box__picture--right\">\n                                                                    <div class=\"content-box__slider swiper\">\n                                        <div class=\"swiper-wrapper\">\n                                                                                            <div class=\"swiper-slide content-box__slide\">\n                                                    <img loading=\"lazy\" decoding=\"async\" width=\"756\" height=\"485\" src=\"https:\/\/uploads.montage.com\/uploads\/sites\/7\/2025\/10\/16114442\/mlc-es-wedding-about.webp\" class=\"content-box__image\" alt=\"A married couple on their wedding day at Montage Los Cabos\">\n                                                <\/div>\n                                                                                    <\/div>\n                                                                            <\/div>\n                                                            <\/div>\n                        <\/div>\n                        <div class=\" col-lg-5 col-xl-5 order-lg-1\">\n                            <div class=\" d-flex col-lg-11 align-items-top\">\n                                <div class=\"d-flex flex-column col-12\">\n                                <div class=\"c-expander c-expander--content-box\">\n                                    <div class=\"c-expander__excerpt content-box__excerpt-wrapper\">\n                                        <div class=\"c-expander__excerpt-inner\">\n                                            \n                                                                                            <h2 class=\"content-box__title content-box__title--content-box c-title c-title--secondary c-title--black\">Bodas<\/h2>\n                                            \n                                            \n                                                                                        <div class=\"content-box__excerpt content-box__excerpt--content-box\">\n                                                <p>Planifique la boda de sus sue&ntilde;os en Montage Los Cabos Mientras las monta&ntilde;as, el desierto y el oc&eacute;ano preparan el escenario para su d&iacute;a especial, toda la familia Montage est&aacute; comprometida a hacer su sue&ntilde;o realidad.<\/p>\n\n                                            <\/div>\n                                            \n                                                                                    <\/div>\n                                        <div class=\"c-expander__shadow c-expander__shadow--gray\"><\/div>\n                                    <\/div>\n                                    <div class=\"c-expander__button c-expander__button--content-box\">\n                                        <button class=\"c-expander__button-label c-expander__button-label--content-box c-expander__button-label--\" aria-label=\"Read more\"><\/button>\n                                    <\/div>\n\n                                    \n                                    \n                                <\/div>\n                                                                    <div class=\"content-box__more-wrapper\">\n                                                                                    <span class=\"content-box__more-container\">\n                                                <a href=\"\/loscabos\/es\/gatherings\/weddings\/\" class=\"c-button content-box__more--gray content-box__more--content-box content-box__more--\" aria-label=\"Read about weddings\">\n                                                    M&aacute;s Informaci&oacute;n\n\n                                                                                                    <\/a>\n                                            <\/span>\n                                                                            <\/div>\n                                \n                                                                <\/div>\n                            <\/div>\n                        <\/div>\n                    <\/div>\n                <\/div>\n            <\/article>\n        <\/div>\n    <\/div>\n<\/section>\n\n\n<div id=\"gatherings\" class=\"page-section page-section--white overflow-hidden\">\n            <div class=\"listing listing-triple listing-triple--medium c-appeared c-appeared--down\">\n    <div class=\"container\">\n        <div class=\"listing-triple__container\">\n            \n            \n                            <div class=\"row listing-triple__items--medium\">\n                                            <div class=\"col-lg-4 pt-4 listing-triple__medium\n                                                        \">\n                            <article class=\"tile-medium        tile-medium--triple-box        tile-medium--triple \">\n    <div class=\"tile-medium__picture tile-medium__picture--medium\">\n                                    <img loading=\"lazy\" decoding=\"async\" width=\"768\" height=\"480\" src=\"https:\/\/uploads.montage.com\/uploads\/sites\/7\/2020\/01\/23144630\/private-meetings-los-cabos-768x480.webp\" class=\"tile-medium__image tile-medium__image--medium\" alt=\"A meeting space at Montage Los Cabos\">\n                        <\/div>\n    <div class=\"tile-medium__content tile-medium__content--triple-box\">\n        \n        <div class=\"tile-medium__wrapper tile-medium__wrapper--triple-box\">\n            <h3 class=\"tile-medium__item-title c-title c-title--secondary c-title--black\">Reuniones<\/h3>\n\n            \n                    <\/div>\n\n        \n                    <a href=\"\/loscabos\/es\/gatherings\/meetings\/\" aria-label=\"Read about meetings\" class=\"tile-medium__more c-button c-button--underline c-button--gray\">M&aacute;s Informaci&oacute;n<\/a>\n            <\/div>\n<\/article>\n                        <\/div>\n                                            <div class=\"col-lg-4 pt-4 listing-triple__medium\n                                                        \">\n                            <article class=\"tile-medium        tile-medium--triple-box        tile-medium--triple \">\n    <div class=\"tile-medium__picture tile-medium__picture--medium\">\n                                    <img loading=\"lazy\" decoding=\"async\" width=\"768\" height=\"854\" src=\"https:\/\/uploads.montage.com\/uploads\/sites\/7\/2020\/01\/23143204\/cabo-san-lucas-destination-wedding-768x854.webp\" class=\"tile-medium__image tile-medium__image--medium\" alt=\"A dining table outside at a wedding at Montage Los Cabos\">\n                        <\/div>\n    <div class=\"tile-medium__content tile-medium__content--triple-box\">\n        \n        <div class=\"tile-medium__wrapper tile-medium__wrapper--triple-box\">\n            <h3 class=\"tile-medium__item-title c-title c-title--secondary c-title--black\">Celebraciones<\/h3>\n\n            \n                    <\/div>\n\n        \n                    <a href=\"\/loscabos\/es\/gatherings\/celebrations\" aria-label=\"Read about celebraciones\" class=\"tile-medium__more c-button c-button--underline c-button--gray\">M&aacute;s Informaci&oacute;n<\/a>\n            <\/div>\n<\/article>\n                        <\/div>\n                                            <div class=\"col-lg-4 pt-4 listing-triple__medium\n                                                        \">\n                            <article class=\"tile-medium        tile-medium--triple-box        tile-medium--triple \">\n    <div class=\"tile-medium__picture tile-medium__picture--medium\">\n                                    <img loading=\"lazy\" decoding=\"async\" width=\"545\" height=\"410\" src=\"https:\/\/uploads.montage.com\/uploads\/sites\/7\/2020\/01\/23144722\/private-dining-los-cabos.webp\" class=\"tile-medium__image tile-medium__image--medium\" alt=\"A private outdoor dining area at Montage Los Cabos\">\n                        <\/div>\n    <div class=\"tile-medium__content tile-medium__content--triple-box\">\n        \n        <div class=\"tile-medium__wrapper tile-medium__wrapper--triple-box\">\n            <h3 class=\"tile-medium__item-title c-title c-title--secondary c-title--black\">Cena Privada<\/h3>\n\n            \n                    <\/div>\n\n        \n                    <a href=\"\/loscabos\/es\/gatherings\/private-dining\/\" aria-label=\"Read about private dining\" class=\"tile-medium__more c-button c-button--underline c-button--gray\">M&aacute;s Informaci&oacute;n<\/a>\n            <\/div>\n<\/article>\n                        <\/div>\n                                    <\/div>\n                                <\/div>\n    <\/div>\n<\/div>\n    <\/div>\n","protected":false},"excerpt":{"rendered":"","protected":false},"author":95,"featured_media":0,"parent":0,"menu_order":0,"comment_status":"closed","ping_status":"closed","template":"","meta":{"_acf_changed":false,"footnotes":""},"class_list":["post-6179","page","type-page","status-publish","hentry"],"acf":[],"yoast_head":"<!-- This site is optimized with the Yoast SEO plugin v26.9 - https:\/\/yoast.com\/product\/yoast-seo-wordpress\/ -->\n<title>Lugares para Eventos en Los Cabos | Montage Los Cabos<\/title>\n<meta name=\"description\" content=\"Montage Los Cabos ofrece 6,100 pies cuadrados de elegantes espacios para bodas y eventos en un entorno de lujo.\" \/>\n<meta name=\"robots\" content=\"index, follow, max-snippet:-1, max-image-preview:large, max-video-preview:-1\" \/>\n<link rel=\"canonical\" href=\"https:\/\/www.montage.com\/loscabos\/es\/gatherings\/\" \/>\n<meta property=\"og:locale\" content=\"es_ES\" \/>\n<meta property=\"og:type\" content=\"article\" \/>\n<meta property=\"og:title\" content=\"Lugares para Eventos en Los Cabos | Montage Los Cabos\" \/>\n<meta property=\"og:description\" content=\"Montage Los Cabos ofrece 6,100 pies cuadrados de elegantes espacios para bodas y eventos en un entorno de lujo.\" \/>\n<meta property=\"og:url\" content=\"https:\/\/www.montage.com\/loscabos\/es\/gatherings\/\" \/>\n<meta property=\"og:site_name\" content=\"Montage Los Cabos\" \/>\n<meta property=\"article:modified_time\" content=\"2025-10-16T18:51:22+00:00\" \/>\n<meta property=\"og:image\" content=\"https:\/\/uploads.montage.com\/uploads\/sites\/7\/2020\/06\/01144122\/mlc-og.webp\" \/>\n\t<meta property=\"og:image:width\" content=\"1200\" \/>\n\t<meta property=\"og:image:height\" content=\"630\" \/>\n\t<meta property=\"og:image:type\" content=\"image\/jpeg\" \/>\n<meta name=\"twitter:card\" content=\"summary_large_image\" \/>\n<!-- \/ Yoast SEO plugin. -->","yoast_head_json":{"title":"Lugares para Eventos en Los Cabos | Montage Los Cabos","description":"Montage Los Cabos ofrece 6,100 pies cuadrados de elegantes espacios para bodas y eventos en un entorno de lujo.","robots":{"index":"index","follow":"follow","max-snippet":"max-snippet:-1","max-image-preview":"max-image-preview:large","max-video-preview":"max-video-preview:-1"},"canonical":"https:\/\/www.montage.com\/loscabos\/es\/gatherings\/","og_locale":"es_ES","og_type":"article","og_title":"Lugares para Eventos en Los Cabos | Montage Los Cabos","og_description":"Montage Los Cabos ofrece 6,100 pies cuadrados de elegantes espacios para bodas y eventos en un entorno de lujo.","og_url":"https:\/\/www.montage.com\/loscabos\/es\/gatherings\/","og_site_name":"Montage Los Cabos","article_modified_time":"2025-10-16T18:51:22+00:00","og_image":[{"width":1200,"height":630,"url":"https:\/\/uploads.montage.com\/uploads\/sites\/7\/2020\/06\/01144122\/mlc-og.webp","type":"image\/jpeg"}],"twitter_card":"summary_large_image","schema":{"@context":"https:\/\/schema.org","@graph":[{"@type":"WebPage","@id":"https:\/\/www.montage.com\/loscabos\/es\/gatherings\/","url":"https:\/\/www.montage.com\/loscabos\/es\/gatherings\/","name":"Lugares para Eventos en Los Cabos | Montage Los Cabos","isPartOf":{"@id":"https:\/\/www.montagehotels.com\/loscabos\/#website"},"datePublished":"2020-09-29T15:31:01+00:00","dateModified":"2025-10-16T18:51:22+00:00","description":"Montage Los Cabos ofrece 6,100 pies cuadrados de elegantes espacios para bodas y eventos en un entorno de lujo.","breadcrumb":{"@id":"https:\/\/www.montage.com\/loscabos\/es\/gatherings\/#breadcrumb"},"inLanguage":"es-ES","potentialAction":[{"@type":"ReadAction","target":["https:\/\/www.montage.com\/loscabos\/es\/gatherings\/"]}]},{"@type":"BreadcrumbList","@id":"https:\/\/www.montage.com\/loscabos\/es\/gatherings\/#breadcrumb","itemListElement":[{"@type":"ListItem","position":1,"name":"Home","item":"https:\/\/www.montage.com\/loscabos\/es\/"},{"@type":"ListItem","position":2,"name":"Gatherings"}]},{"@type":"WebSite","@id":"https:\/\/www.montagehotels.com\/loscabos\/#website","url":"https:\/\/www.montagehotels.com\/loscabos\/","name":"Montage Los Cabos","description":"Montage Los Cabos","potentialAction":[{"@type":"SearchAction","target":{"@type":"EntryPoint","urlTemplate":"https:\/\/www.montagehotels.com\/loscabos\/?s={search_term_string}"},"query-input":{"@type":"PropertyValueSpecification","valueRequired":true,"valueName":"search_term_string"}}],"inLanguage":"es-ES"}]}},"blocks_json":[{"blockName":"acf\/hero-slider","attrs":{"id":"block_64679838f7159","name":"acf\/hero-slider","data":{"logo":"","_logo":"field_5d663d2147e22","hero_slide_0_image_slide":22152,"_hero_slide_0_image_slide":"field_5c192ef79fc8c","hero_slide":["image"],"_hero_slide":"field_5c19359faec57","widgets":"[title-widget]","_widgets":"field_5d9dde0ce9057","widget_settings_position":"middle","_widget_settings_position":"field_6368dbbcb7989","widget_settings_title":"Celebraciones","_widget_settings_title":"field_6136100c00b77","widget_settings_button_title":"","_widget_settings_button_title":"field_6138833bd61ec","widget_settings_button_link":"","_widget_settings_button_link":"field_6138835cd61ed","widget_settings_open_link_in_new_tab":"0","_widget_settings_open_link_in_new_tab":"field_61388372d61ee","widget_settings":"","_widget_settings":"field_5f0305cd60ec3","expiry_date":"","_expiry_date":"field_6397004a6de4f","tmc_id":"tmc_6909e139c31d4_block","_tmc_id":"field_650c65b403c86"},"mode":"edit","anchor":"getherings"},"innerBlocks":[],"innerHTML":"","innerContent":[]},{"blockName":"acf\/intro-box","attrs":{"id":"block_6467983825f35","name":"acf\/intro-box","data":{"title":"","_title":"field_5d63da2c62aba","subtitle":"","_subtitle":"field_5d63da4462abb","description":"Desde bodas impresionantes hasta retiros corporativos, realce su reuni\u00f3n con el impresionante tel\u00f3n de fondo de la Bah\u00eda de Santa Mar\u00eda.","_description":"field_5d63da7bdce32","revision":"","_revision":"field_5d9664f1372e5","buttons_0_button":{"title":"Solicitud de propuesta","url":"\/loscabos\/es\/gatherings\/rfp\/","target":""},"_buttons_0_button":"field_5d63db04dce34","buttons_1_button":{"title":"Espacio para reuniones","url":"\/loscabos\/es\/gatherings\/meeting-event-space\/","target":""},"_buttons_1_button":"field_5d63db04dce34","buttons":2,"_buttons":"field_5d63da99dce33","table":"","_table":"field_5d91d87d32137","template":"philosophy","_template":"field_632d9c45a7f22","expiry_date":"","_expiry_date":"field_6397004a6de4f","tmc_id":"tmc_6909e139c31d6_block","_tmc_id":"field_650c65b403c86"},"mode":"edit","anchor":"gatherings"},"innerBlocks":[],"innerHTML":"","innerContent":[]},{"blockName":"acf\/content-box","attrs":{"id":"block_646798389c930","name":"acf\/content-box","data":{"tagline":"","_tagline":"field_5e13185ff6543","title":"Bodas","_title":"field_5d94628233f68","subtitle":"","_subtitle":"field_5d94628e33f69","description":"Planifique la boda de sus sue\u00f1os en Montage Los Cabos Mientras las monta\u00f1as, el desierto y el oc\u00e9ano preparan el escenario para su d\u00eda especial, toda la familia Montage est\u00e1 comprometida a hacer su sue\u00f1o realidad.","_description":"field_5d94629a33f6a","images_0_image":25956,"_images_0_image":"field_5d9478b687907","images":1,"_images":"field_5dc15613ec84d","more_links_0_link":{"title":"M\u00e1s Informaci\u00f3n","url":"\/loscabos\/es\/gatherings\/weddings\/","target":""},"_more_links_0_link":"field_5d9474f4e5869","more_links_0_color":"gray","_more_links_0_color":"field_5d94754ee586a","more_links_0_view":"0","_more_links_0_view":"field_67cf2e845ad62","more_links":1,"_more_links":"field_5d9472789a43b","custom_links":"","_custom_links":"field_5d9470a533f74","note":"","_note":"field_5d94736d3fdc6","template":"image-right-gray","_template":"field_62dfb48ce62d5","alignment":"center","_alignment":"field_67cf2ebf5ad63","expiry_date":"","_expiry_date":"field_6397004a6de4f","tmc_id":"tmc_6909e139c31d7_block","_tmc_id":"field_650c65b403c86"},"mode":"edit","anchor":"weddings"},"innerBlocks":[],"innerHTML":"","innerContent":[]},{"blockName":"acf\/triple-box","attrs":{"id":"block_6467983866d4b","name":"acf\/triple-box","data":{"title":"","_title":"field_5d935f378572b","regular_title":"0","_regular_title":"field_644fa8e087d71","layout":"listing-triple","_layout":"field_5dfa1670d443b","template":"medium","_template":"field_5d63d67bbf1d0","items_0_title":"Reuniones","_items_0_title":"field_5d63d67bbf244","items_0_subtitle":"","_items_0_subtitle":"field_5d63d67bbf2b5","items_0_video":"","_items_0_video":"field_6389cd4bef136","items_0_image":6487,"_items_0_image":"field_5d63d67bbf4f0","items_0_description":"","_items_0_description":"field_5d63d67bbf398","items_0_link":{"title":"M\u00e1s Informaci\u00f3n","url":"\/loscabos\/es\/gatherings\/meetings\/","target":""},"_items_0_link":"field_5d63d67bbf40a","items_0_anchor":"","_items_0_anchor":"field_6606a2263cec0","items_1_title":"Celebraciones","_items_1_title":"field_5d63d67bbf244","items_1_subtitle":"","_items_1_subtitle":"field_5d63d67bbf2b5","items_1_video":"","_items_1_video":"field_6389cd4bef136","items_1_image":6485,"_items_1_image":"field_5d63d67bbf4f0","items_1_description":"","_items_1_description":"field_5d63d67bbf398","items_1_link":{"title":"M\u00e1s Informaci\u00f3n","url":"\/loscabos\/es\/gatherings\/celebrations","target":""},"_items_1_link":"field_5d63d67bbf40a","items_1_anchor":"","_items_1_anchor":"field_6606a2263cec0","items_2_title":"Cena Privada","_items_2_title":"field_5d63d67bbf244","items_2_subtitle":"","_items_2_subtitle":"field_5d63d67bbf2b5","items_2_video":"","_items_2_video":"field_6389cd4bef136","items_2_image":6488,"_items_2_image":"field_5d63d67bbf4f0","items_2_description":"","_items_2_description":"field_5d63d67bbf398","items_2_link":{"title":"M\u00e1s Informaci\u00f3n","url":"\/loscabos\/es\/gatherings\/private-dining\/","target":""},"_items_2_link":"field_5d63d67bbf40a","items_2_anchor":"","_items_2_anchor":"field_6606a2263cec0","items":3,"_items":"field_5d63d67bbb085","background":"white","_background":"field_63468f42171a8","button":"","_button":"field_5d944186239c2","expiry_date":"","_expiry_date":"field_6397004a6de4f","tmc_id":"tmc_6909e139c31d8_block","_tmc_id":"field_650c65b403c86"},"mode":"edit","anchor":"gatherings"},"innerBlocks":[],"innerHTML":"","innerContent":[]}],"_links":{"self":[{"href":"https:\/\/www.montage.com\/loscabos\/es\/wp-json\/wp\/v2\/pages\/6179","targetHints":{"allow":["GET"]}}],"collection":[{"href":"https:\/\/www.montage.com\/loscabos\/es\/wp-json\/wp\/v2\/pages"}],"about":[{"href":"https:\/\/www.montage.com\/loscabos\/es\/wp-json\/wp\/v2\/types\/page"}],"author":[{"embeddable":true,"href":"https:\/\/www.montage.com\/loscabos\/es\/wp-json\/wp\/v2\/users\/95"}],"replies":[{"embeddable":true,"href":"https:\/\/www.montage.com\/loscabos\/es\/wp-json\/wp\/v2\/comments?post=6179"}],"version-history":[{"count":7,"href":"https:\/\/www.montage.com\/loscabos\/es\/wp-json\/wp\/v2\/pages\/6179\/revisions"}],"predecessor-version":[{"id":25969,"href":"https:\/\/www.montage.com\/loscabos\/es\/wp-json\/wp\/v2\/pages\/6179\/revisions\/25969"}],"wp:attachment":[{"href":"https:\/\/www.montage.com\/loscabos\/es\/wp-json\/wp\/v2\/media?parent=6179"}],"curies":[{"name":"wp","href":"https:\/\/api.w.org\/{rel}","templated":true}]}}