{"id":6165,"date":"2020-09-29T08:27:03","date_gmt":"2020-09-29T15:27:03","guid":{"rendered":"https:\/\/montage-demo.azds.com\/loscabos\/faq\/"},"modified":"2024-10-14T08:28:28","modified_gmt":"2024-10-14T15:28:28","slug":"faq","status":"publish","type":"page","link":"https:\/\/www.montage.com\/loscabos\/es\/faq\/","title":{"rendered":"FAQ"},"content":{"rendered":"<div id=\"faq\" class=\"hero\">\n    <div class=\"hero__container swiper-container hero__container-- \">\n        <div class=\"hero__wrapper hero__wrapper--  \">\n                                        <div class=\"hero__slide hero__slide--  swiper-slide\">\n            <img loading=\"lazy\" decoding=\"async\" width=\"1671\" height=\"1080\" src=\"https:\/\/uploads.montage.com\/uploads\/sites\/7\/2023\/07\/12104547\/MLC-Family-Pool.webp\" class=\"hero__image \" alt=\"Family-Pool\">\n                    <\/div>\n                        <\/div>\n\n        \n\n        \n    <\/div>\n\n            <div class=\"hero__widget hero__widget--middle\">\n                        <div class=\"booking-widget\">\n    \n    \n                        <h1 class=\"booking-widget__title c-title--hero c-title--white \">\n                Preguntas frecuentes\n            <\/h1>\n                <\/div>\n\n        <\/div>\n    \n    \n<\/div>\n\n\n<div id=\"faq\" class=\"page-section page-section--white  \">\n    <div class=\"container\">\n                <section class=\"html-box html-box--regular\">\n            <h4 data-pm-slice=\"1 1 []\">&iquest;Cu&aacute;ntos bares de c&oacute;cteles tiene el resort?<\/h4>\n<p><a href=\"\/loscabos\/dining\/mezcal\/\">Mezcal<\/a>, <a href=\"\/loscabos\/dining\/marea-by-night\/\">Marea<\/a> y&nbsp;<a href=\"\/loscabos\/dining\/talay\/\">Talay<\/a> ofrecen c&oacute;cteles y bebidas exclusivos.<\/p>\n<p>&nbsp;<\/p>\n<h4>&iquest;Cu&aacute;ntos restaurantes hay en el lugar?<\/h4>\n<p>Contamos con tres conceptos distintos, incluidos <a href=\"\/loscabos\/dining\/mezcal\/\">Mezcal,<\/a>&nbsp;<a href=\"\/loscabos\/dining\/marea-by-night\/\">Marea<\/a> y&nbsp;<a href=\"\/loscabos\/dining\/talay\/\">Talay<\/a>, adem&aacute;s de un mercado, <a href=\"\/loscabos\/dining\/paletas\/\">Paletas<\/a>.<\/p>\n<p>&nbsp;<\/p>\n<h4>&iquest;Hay un spa en el lugar?<\/h4>\n<p>S&iacute;. <a href=\"\/loscabos\/spa\/\">Spa Montage Los Cabos<\/a> ofrece una extraordinaria variedad de tratamientos, vestidores privados y sofisticadas &aacute;reas de descanso en jard&iacute;n, completos con ba&ntilde;os de vapor y piscinas de inmersi&oacute;n con chorros de agua caliente y fr&iacute;a.<\/p>\n<p>&nbsp;<\/p>\n<h4>&iquest;Tienen un gimnasio? Si es as&iacute;, &iquest;cu&aacute;les son las horas?<\/h4>\n<p>S&iacute;. Las amplias instalaciones de acondicionamiento f&iacute;sico de Spa Montage ofrecen una variedad saludable de opciones de entrenamiento cardiovascular y de fuerza, as&iacute; como clases de ejercicios desafiantes. Abierto las 24 horas del d&iacute;a.<\/p>\n<p>&nbsp;<\/p>\n<h4>&iquest;Se permiten mascotas en el hotel?<\/h4>\n<p>Se permiten mascotas de menos de 40 libras, con una tarifa de limpieza de $250 USD por estad&iacute;a.<\/p>\n<p>&nbsp;<\/p>\n<h4>&iquest;Cuentan con Room Service disponible? Si es as&iacute;, &iquest;en qu&eacute; horarios?<\/h4>\n<p>S&iacute;. El servicio de comidas en la habitaci&oacute;n de Montage Los Cabos ofrece un men&uacute; de primera clase para el desayuno, almuerzo, cena o la comida nocturna. Abierto las 24 horas del d&iacute;a.<\/p>\n<p>&nbsp;<\/p>\n<h4>&iquest;Cu&aacute;les son mis opciones de viaje desde el aeropuerto hasta la propiedad?<\/h4>\n<p>Nuestra equipo de Concierge puede asegurarse de que un veh&iacute;culo privado lo traiga a un costo de $215 USD m&aacute;s impuestos (16%) por trayecto.<\/p>\n<p>&nbsp;<\/p>\n<h4>&iquest;Cu&aacute;les son las opciones de estacionamiento en el hotel?<\/h4>\n<p>Para los coches de alquiler, el servicio de aparcamiento es gratuito.<\/p>\n<p>&nbsp;<\/p>\n<h4>&iquest;Tienen piscinas? &iquest;Cu&aacute;les son los horarios de operaci&oacute;n?<\/h4>\n<p>S&iacute;. Montage Los Cabos tiene una piscina Serenity Pool al aire libre, as&iacute; como una Infinity Pool s&oacute;lo para adultos; una gran piscina al aire libre para familias y una piscina de hidromasaje. Abierto de 9:00am a 6:00pm.<\/p>\n<p>&nbsp;<\/p>\n<h4>&iquest;Cu&aacute;nto cobran por Internet inal&aacute;mbrico?<\/h4>\n<p>El servicio de Internet es gratuito.<\/p>\n<p>&nbsp;<\/p>\n<h4>&iquest;Cu&aacute;l es la hora de entrada\/salida?<\/h4>\n<p>El check-in es a las 3:00pm; el check-out es a las 12:00pm.<\/p>\n\n        <\/section>\n    <\/div>\n<\/div>\n","protected":false},"excerpt":{"rendered":"","protected":false},"author":8,"featured_media":0,"parent":0,"menu_order":0,"comment_status":"closed","ping_status":"closed","template":"","meta":{"_acf_changed":false,"footnotes":""},"class_list":["post-6165","page","type-page","status-publish","hentry"],"acf":[],"yoast_head":"<!-- This site is optimized with the Yoast SEO plugin v26.9 - https:\/\/yoast.com\/product\/yoast-seo-wordpress\/ -->\n<title>Frequently Asked Questions About Montage Los Cabos Resort<\/title>\n<meta name=\"description\" content=\"Get the most out of your Cabo San Lucas vacation to Montage Los Cabos by reading up on this list of frequently asked questions about our luxury resort.\" \/>\n<meta name=\"robots\" content=\"index, follow, max-snippet:-1, max-image-preview:large, max-video-preview:-1\" \/>\n<link rel=\"canonical\" href=\"https:\/\/www.montage.com\/loscabos\/es\/faq\/\" \/>\n<meta property=\"og:locale\" content=\"es_ES\" \/>\n<meta property=\"og:type\" content=\"article\" \/>\n<meta property=\"og:title\" content=\"Frequently Asked Questions About Montage Los Cabos Resort\" \/>\n<meta property=\"og:description\" content=\"Get the most out of your Cabo San Lucas vacation to Montage Los Cabos by reading up on this list of frequently asked questions about our luxury resort.\" \/>\n<meta property=\"og:url\" content=\"https:\/\/www.montage.com\/loscabos\/es\/faq\/\" \/>\n<meta property=\"og:site_name\" content=\"Montage Los Cabos\" \/>\n<meta property=\"article:modified_time\" content=\"2024-10-14T15:28:28+00:00\" \/>\n<meta property=\"og:image\" content=\"https:\/\/uploads.montage.com\/uploads\/sites\/7\/2020\/06\/01144122\/mlc-og.webp\" \/>\n\t<meta property=\"og:image:width\" content=\"1200\" \/>\n\t<meta property=\"og:image:height\" content=\"630\" \/>\n\t<meta property=\"og:image:type\" content=\"image\/jpeg\" \/>\n<meta name=\"twitter:card\" content=\"summary_large_image\" \/>\n<!-- \/ Yoast SEO plugin. -->","yoast_head_json":{"title":"Frequently Asked Questions About Montage Los Cabos Resort","description":"Get the most out of your Cabo San Lucas vacation to Montage Los Cabos by reading up on this list of frequently asked questions about our luxury resort.","robots":{"index":"index","follow":"follow","max-snippet":"max-snippet:-1","max-image-preview":"max-image-preview:large","max-video-preview":"max-video-preview:-1"},"canonical":"https:\/\/www.montage.com\/loscabos\/es\/faq\/","og_locale":"es_ES","og_type":"article","og_title":"Frequently Asked Questions About Montage Los Cabos Resort","og_description":"Get the most out of your Cabo San Lucas vacation to Montage Los Cabos by reading up on this list of frequently asked questions about our luxury resort.","og_url":"https:\/\/www.montage.com\/loscabos\/es\/faq\/","og_site_name":"Montage Los Cabos","article_modified_time":"2024-10-14T15:28:28+00:00","og_image":[{"width":1200,"height":630,"url":"https:\/\/uploads.montage.com\/uploads\/sites\/7\/2020\/06\/01144122\/mlc-og.webp","type":"image\/jpeg"}],"twitter_card":"summary_large_image","schema":{"@context":"https:\/\/schema.org","@graph":[{"@type":"WebPage","@id":"https:\/\/www.montage.com\/loscabos\/es\/faq\/","url":"https:\/\/www.montage.com\/loscabos\/es\/faq\/","name":"Frequently Asked Questions About Montage Los Cabos Resort","isPartOf":{"@id":"https:\/\/www.montagehotels.com\/loscabos\/#website"},"datePublished":"2020-09-29T15:27:03+00:00","dateModified":"2024-10-14T15:28:28+00:00","description":"Get the most out of your Cabo San Lucas vacation to Montage Los Cabos by reading up on this list of frequently asked questions about our luxury resort.","breadcrumb":{"@id":"https:\/\/www.montage.com\/loscabos\/es\/faq\/#breadcrumb"},"inLanguage":"es-ES","potentialAction":[{"@type":"ReadAction","target":["https:\/\/www.montage.com\/loscabos\/es\/faq\/"]}]},{"@type":"BreadcrumbList","@id":"https:\/\/www.montage.com\/loscabos\/es\/faq\/#breadcrumb","itemListElement":[{"@type":"ListItem","position":1,"name":"Home","item":"https:\/\/www.montage.com\/loscabos\/es\/"},{"@type":"ListItem","position":2,"name":"FAQ"}]},{"@type":"WebSite","@id":"https:\/\/www.montagehotels.com\/loscabos\/#website","url":"https:\/\/www.montagehotels.com\/loscabos\/","name":"Montage Los Cabos","description":"Montage Los Cabos","potentialAction":[{"@type":"SearchAction","target":{"@type":"EntryPoint","urlTemplate":"https:\/\/www.montagehotels.com\/loscabos\/?s={search_term_string}"},"query-input":{"@type":"PropertyValueSpecification","valueRequired":true,"valueName":"search_term_string"}}],"inLanguage":"es-ES"}]}},"blocks_json":[{"blockName":"acf\/hero-slider","attrs":{"id":"block_64679838d032c","name":"acf\/hero-slider","data":{"logo":"","_logo":"field_5d663d2147e22","hero_slide_0_image_slide":15991,"_hero_slide_0_image_slide":"field_5c192ef79fc8c","hero_slide":["image"],"_hero_slide":"field_5c19359faec57","widgets":"[title-widget]","_widgets":"field_5d9dde0ce9057","widget_settings_position":"middle","_widget_settings_position":"field_6368dbbcb7989","widget_settings_title":"Preguntas frecuentes","_widget_settings_title":"field_6136100c00b77","widget_settings_button_title":"","_widget_settings_button_title":"field_6138833bd61ec","widget_settings_button_link":"","_widget_settings_button_link":"field_6138835cd61ed","widget_settings_open_link_in_new_tab":"0","_widget_settings_open_link_in_new_tab":"field_61388372d61ee","widget_settings":"","_widget_settings":"field_5f0305cd60ec3","expiry_date":"","_expiry_date":"field_6397004a6de4f","tmc_id":"tmc_6909e139b5447_block","_tmc_id":"field_650c65b403c86"},"mode":"edit","anchor":"faq"},"innerBlocks":[],"innerHTML":"","innerContent":[]},{"blockName":"acf\/html-block","attrs":{"id":"block_64679838b8159","name":"acf\/html-block","data":{"title":"","_title":"field_5db079da1be3d","subtitle":"","_subtitle":"field_5db079e21be3e","content":"<h4 data-pm-slice=\"1 1 []\">\u00bfCu\u00e1ntos bares de c\u00f3cteles tiene el resort?<\/h4>\r\n<a href=\"\/loscabos\/dining\/mezcal\/\">Mezcal<\/a>, <a href=\"\/loscabos\/dining\/marea-by-night\/\">Marea<\/a> y\u00a0<a href=\"\/loscabos\/dining\/talay\/\">Talay<\/a> ofrecen c\u00f3cteles y bebidas exclusivos.\r\n\r\n&nbsp;\r\n<h4>\u00bfCu\u00e1ntos restaurantes hay en el lugar?<\/h4>\r\nContamos con tres conceptos distintos, incluidos <a href=\"\/loscabos\/dining\/mezcal\/\">Mezcal,<\/a>\u00a0<a href=\"\/loscabos\/dining\/marea-by-night\/\">Marea<\/a> y\u00a0<a href=\"\/loscabos\/dining\/talay\/\">Talay<\/a>, adem\u00e1s de un mercado, <a href=\"\/loscabos\/dining\/paletas\/\">Paletas<\/a>.\r\n\r\n&nbsp;\r\n<h4>\u00bfHay un spa en el lugar?<\/h4>\r\nS\u00ed. <a href=\"\/loscabos\/spa\/\">Spa Montage Los Cabos<\/a> ofrece una extraordinaria variedad de tratamientos, vestidores privados y sofisticadas \u00e1reas de descanso en jard\u00edn, completos con ba\u00f1os de vapor y piscinas de inmersi\u00f3n con chorros de agua caliente y fr\u00eda.\r\n\r\n&nbsp;\r\n<h4>\u00bfTienen un gimnasio? Si es as\u00ed, \u00bfcu\u00e1les son las horas?<\/h4>\r\nS\u00ed. Las amplias instalaciones de acondicionamiento f\u00edsico de Spa Montage ofrecen una variedad saludable de opciones de entrenamiento cardiovascular y de fuerza, as\u00ed como clases de ejercicios desafiantes. Abierto las 24 horas del d\u00eda.\r\n\r\n&nbsp;\r\n<h4>\u00bfSe permiten mascotas en el hotel?<\/h4>\r\nSe permiten mascotas de menos de 40 libras, con una tarifa de limpieza de $250 USD por estad\u00eda.\r\n\r\n&nbsp;\r\n<h4>\u00bfCuentan con Room Service disponible? Si es as\u00ed, \u00bfen qu\u00e9 horarios?<\/h4>\r\nS\u00ed. El servicio de comidas en la habitaci\u00f3n de Montage Los Cabos ofrece un men\u00fa de primera clase para el desayuno, almuerzo, cena o la comida nocturna. Abierto las 24 horas del d\u00eda.\r\n\r\n&nbsp;\r\n<h4>\u00bfCu\u00e1les son mis opciones de viaje desde el aeropuerto hasta la propiedad?<\/h4>\r\nNuestra equipo de Concierge puede asegurarse de que un veh\u00edculo privado lo traiga a un costo de $215 USD m\u00e1s impuestos (16%) por trayecto.\r\n\r\n&nbsp;\r\n<h4>\u00bfCu\u00e1les son las opciones de estacionamiento en el hotel?<\/h4>\r\nPara los coches de alquiler, el servicio de aparcamiento es gratuito.\r\n\r\n&nbsp;\r\n<h4>\u00bfTienen piscinas? \u00bfCu\u00e1les son los horarios de operaci\u00f3n?<\/h4>\r\nS\u00ed. Montage Los Cabos tiene una piscina Serenity Pool al aire libre, as\u00ed como una Infinity Pool s\u00f3lo para adultos; una gran piscina al aire libre para familias y una piscina de hidromasaje. Abierto de 9:00am a 6:00pm.\r\n\r\n&nbsp;\r\n<h4>\u00bfCu\u00e1nto cobran por Internet inal\u00e1mbrico?<\/h4>\r\nEl servicio de Internet es gratuito.\r\n\r\n&nbsp;\r\n<h4>\u00bfCu\u00e1l es la hora de entrada\/salida?<\/h4>\r\nEl check-in es a las 3:00pm; el check-out es a las 12:00pm.","_content":"field_5d64de4eb32bc","template":"regular","_template":"field_63749256f9812","padding_top":"","_padding_top":"field_642d25af0578b","padding_bottom":"","_padding_bottom":"field_642d26a20578c","expiry_date":"","_expiry_date":"field_6397004a6de4f","tmc_id":"tmc_6909e139b5449_block","_tmc_id":"field_650c65b403c86"},"mode":"edit","anchor":"faq"},"innerBlocks":[],"innerHTML":"","innerContent":[]}],"_links":{"self":[{"href":"https:\/\/www.montage.com\/loscabos\/es\/wp-json\/wp\/v2\/pages\/6165","targetHints":{"allow":["GET"]}}],"collection":[{"href":"https:\/\/www.montage.com\/loscabos\/es\/wp-json\/wp\/v2\/pages"}],"about":[{"href":"https:\/\/www.montage.com\/loscabos\/es\/wp-json\/wp\/v2\/types\/page"}],"author":[{"embeddable":true,"href":"https:\/\/www.montage.com\/loscabos\/es\/wp-json\/wp\/v2\/users\/8"}],"replies":[{"embeddable":true,"href":"https:\/\/www.montage.com\/loscabos\/es\/wp-json\/wp\/v2\/comments?post=6165"}],"version-history":[{"count":3,"href":"https:\/\/www.montage.com\/loscabos\/es\/wp-json\/wp\/v2\/pages\/6165\/revisions"}],"predecessor-version":[{"id":16084,"href":"https:\/\/www.montage.com\/loscabos\/es\/wp-json\/wp\/v2\/pages\/6165\/revisions\/16084"}],"wp:attachment":[{"href":"https:\/\/www.montage.com\/loscabos\/es\/wp-json\/wp\/v2\/media?parent=6165"}],"curies":[{"name":"wp","href":"https:\/\/api.w.org\/{rel}","templated":true}]}}