{"id":23635,"date":"2025-06-09T16:48:28","date_gmt":"2025-06-09T23:48:28","guid":{"rendered":"https:\/\/www.montage.com\/loscabos\/?page_id=23635"},"modified":"2025-06-23T08:38:11","modified_gmt":"2025-06-23T15:38:11","slug":"private-dining","status":"publish","type":"page","link":"https:\/\/www.montage.com\/loscabos\/es\/gatherings\/private-dining\/","title":{"rendered":"Private Dining"},"content":{"rendered":"<div id=\"private-dining\" class=\"hero\">\n    <div class=\"hero__container swiper-container hero__container-- \">\n        <div class=\"hero__wrapper hero__wrapper--  \">\n                                        <div class=\"hero__slide hero__slide--  swiper-slide\">\n            <img loading=\"lazy\" decoding=\"async\" width=\"1920\" height=\"1080\" src=\"https:\/\/uploads.montage.com\/uploads\/sites\/7\/2025\/06\/13085145\/mlc-privatedining-1920x1080.webp\" class=\"hero__image \" alt=\"Cena privada en Montage Los Cabos\">\n                    <\/div>\n                        <\/div>\n\n        \n\n        \n    <\/div>\n\n            <div class=\"hero__widget hero__widget--middle\">\n                        <div class=\"booking-widget\">\n    \n    \n                        <h1 class=\"booking-widget__title c-title--hero c-title--white \">\n                Cena Privada\n            <\/h1>\n                <\/div>\n\n        <\/div>\n    \n    \n<\/div>\n\n\n<div id=\"creating-memorable-moments\" class=\"page-section page-section--intro-box-rfp\">\n    <div class=\"intro-box container\">\n            <div class=\"row align-items-center intro-box__rfp-row\">\n                <div class=\"col-lg-6 col-xl-7 intro-box__rfp-column\">\n                                                                        <h2 class=\"intro-box__title c-title--black intro-box__title--rfp\">Cena Privada<\/h2>\n                                                                <div class=\"intro-box__caption\">\n                                                    <div class=\"intro-box__caption intro-box__caption--rfp\"><p>Los Cabos es el destino ideal para un evento especial o una reuni&oacute;n &iacute;ntima con amigos y familiares. Desde restaurantes con comedores privados hasta amplios espacios al aire libre en terrazas, nuestros espacios en el resort Montage Los Cabos pueden ayudar a dar vida a tu evento gastron&oacute;mico privado.<\/p>\n<\/div>\n                                            <\/div>\n                <\/div>\n                <div class=\"col-lg-6 col-xl-5\">\n                    <div class=\"intro-box__rfp-wrap\">\n                        \n                                                                                                                                                    \n                                <a href=\"https:\/\/www.montage.com\/loscabos\/gatherings\/meetings\/\" aria-label=\"Read about meetings\" class=\"intro-box__rfp-button\">\n                                    \n                                    <span class=\"intro-box__nowrap-text\">\n                                        Reuniones\n                                        <svg xmlns=\"http:\/\/www.w3.org\/2000\/svg\" width=\"12\" height=\"11\" viewbox=\"0 0 12 11\" fill=\"none\">\n                                            <path d=\"M11.9985 5.41064C11.9985 5.60954 11.9245 5.78304 11.7764 5.93115L7.58691 10.1079C7.4388 10.2518 7.27165 10.3237 7.08545 10.3237C6.89079 10.3237 6.72786 10.2603 6.59668 10.1333C6.46973 10.0063 6.40625 9.84766 6.40625 9.65723C6.40625 9.5599 6.42318 9.46891 6.45703 9.38428C6.49512 9.29964 6.5459 9.22559 6.60938 9.16211L8.03125 7.72754L10.3989 5.56934L10.6211 5.97559L8.41846 6.10254H0.706055C0.494466 6.10254 0.323079 6.03906 0.191895 5.91211C0.0649414 5.78092 0.00146484 5.61377 0.00146484 5.41064C0.00146484 5.20329 0.0649414 5.03613 0.191895 4.90918C0.323079 4.77799 0.494466 4.7124 0.706055 4.7124H8.41846L10.6211 4.8457L10.3989 5.2583L8.03125 3.09375L6.60938 1.65283C6.5459 1.58936 6.49512 1.51742 6.45703 1.43701C6.42318 1.35238 6.40625 1.25928 6.40625 1.15771C6.40625 0.967285 6.46973 0.808594 6.59668 0.681641C6.72786 0.554688 6.89079 0.491211 7.08545 0.491211C7.17855 0.491211 7.26742 0.510254 7.35205 0.54834C7.43669 0.586426 7.51709 0.643555 7.59326 0.719727L11.7764 4.89014C11.9245 5.03825 11.9985 5.21175 11.9985 5.41064Z\" fill=\"#404040\"><\/path>\n                                        <\/svg>\n                                    <\/span>\n                                <\/a>\n                                                                                                                            \n                                <a href=\"https:\/\/www.montage.com\/loscabos\/gatherings\/event-venues\/\" aria-label=\"Espacio para Eventos\" class=\"intro-box__rfp-button\">\n                                    Espacio para\n                                    <span class=\"intro-box__nowrap-text\">\n                                        Eventos\n                                        <svg xmlns=\"http:\/\/www.w3.org\/2000\/svg\" width=\"12\" height=\"11\" viewbox=\"0 0 12 11\" fill=\"none\">\n                                            <path d=\"M11.9985 5.41064C11.9985 5.60954 11.9245 5.78304 11.7764 5.93115L7.58691 10.1079C7.4388 10.2518 7.27165 10.3237 7.08545 10.3237C6.89079 10.3237 6.72786 10.2603 6.59668 10.1333C6.46973 10.0063 6.40625 9.84766 6.40625 9.65723C6.40625 9.5599 6.42318 9.46891 6.45703 9.38428C6.49512 9.29964 6.5459 9.22559 6.60938 9.16211L8.03125 7.72754L10.3989 5.56934L10.6211 5.97559L8.41846 6.10254H0.706055C0.494466 6.10254 0.323079 6.03906 0.191895 5.91211C0.0649414 5.78092 0.00146484 5.61377 0.00146484 5.41064C0.00146484 5.20329 0.0649414 5.03613 0.191895 4.90918C0.323079 4.77799 0.494466 4.7124 0.706055 4.7124H8.41846L10.6211 4.8457L10.3989 5.2583L8.03125 3.09375L6.60938 1.65283C6.5459 1.58936 6.49512 1.51742 6.45703 1.43701C6.42318 1.35238 6.40625 1.25928 6.40625 1.15771C6.40625 0.967285 6.46973 0.808594 6.59668 0.681641C6.72786 0.554688 6.89079 0.491211 7.08545 0.491211C7.17855 0.491211 7.26742 0.510254 7.35205 0.54834C7.43669 0.586426 7.51709 0.643555 7.59326 0.719727L11.7764 4.89014C11.9245 5.03825 11.9985 5.21175 11.9985 5.41064Z\" fill=\"#404040\"><\/path>\n                                        <\/svg>\n                                    <\/span>\n                                <\/a>\n                                                                                                                                <div class=\"intro-box__rfp-contact\"><p>Informaci&oacute;n de Contacto:<\/p>\n<p><a href=\"tel:9497156220\">(949) 715-6220<\/a><\/p>\n<p><a href=\"mailto:mlb.eventssales@montage.com\">mlb.eventssales@montage.com<\/a><\/p>\n<\/div>\n                                            <\/div>\n                <\/div>\n            <\/div>\n        <\/div>\n    <\/div>\n\n\n\n<section id=\"private-dining-1\" class=\"page-section content-box page-section--white\">\n    <div class=\"c-appeared c-appeared--down\">\n        <div class=\"container\">\n            <article class=\"content-box content-box--content-box\">\n                <div class=\"content-box__container\">\n                    <div class=\"row justify-content-between align-items-center\">\n                        <div class=\"col-lg-7 order-lg-2\">\n                            <div class=\"content-box__picture content-box__picture--right\">\n                                                                    <div class=\"content-box__slider swiper\">\n                                        <div class=\"swiper-wrapper\">\n                                                                                            <div class=\"swiper-slide content-box__slide\">\n                                                    <img loading=\"lazy\" decoding=\"async\" width=\"768\" height=\"512\" src=\"https:\/\/uploads.montage.com\/uploads\/sites\/7\/2023\/09\/20123017\/MLC-Day-2-2-21-Edit-768x512.webp\" class=\"content-box__image\" alt=\"A dining room with a long table and chairs at Mezcal\">\n                                                <\/div>\n                                                                                    <\/div>\n                                                                            <\/div>\n                                                            <\/div>\n                        <\/div>\n                        <div class=\" col-lg-5 col-xl-5 order-lg-1\">\n                            <div class=\" d-flex col-lg-11 align-items-top\">\n                                <div class=\"d-flex flex-column col-12\">\n                                <div class=\"c-expander c-expander--content-box\">\n                                    <div class=\"c-expander__excerpt content-box__excerpt-wrapper\">\n                                        <div class=\"c-expander__excerpt-inner\">\n                                            \n                                                                                            <h2 class=\"content-box__title content-box__title--content-box c-title c-title--secondary c-title--black\">Privado Mezcal<\/h2>\n                                            \n                                                                                        <span class=\"content-box__subtitle\">Hasta 40 pax<\/span>\n                                            \n                                                                                        <div class=\"content-box__excerpt content-box__excerpt--content-box\">\n                                                <p>Mezcal es el restaurante insignia de Montage Los Cabos, y su comedor privado es el lugar ideal para tu evento en interiores. Nuestra cocina mexicana moderna combina gastronom&iacute;a regional, un ambiente c&oacute;modo y contempor&aacute;neo, adem&aacute;s de nuestra distintiva hospitalidad y servicio.<\/p>\n\n                                            <\/div>\n                                            \n                                                                                    <\/div>\n                                        <div class=\"c-expander__shadow\"><\/div>\n                                    <\/div>\n                                    <div class=\"c-expander__button c-expander__button--content-box\">\n                                        <button class=\"c-expander__button-label c-expander__button-label--content-box c-expander__button-label--\" aria-label=\"Read more\"><\/button>\n                                    <\/div>\n\n                                    \n                                    \n                                <\/div>\n                                \n                                                                <\/div>\n                            <\/div>\n                        <\/div>\n                    <\/div>\n                <\/div>\n            <\/article>\n        <\/div>\n    <\/div>\n<\/section>\n\n\n<section id=\"private-dining-1\" class=\"page-section content-box page-section--white\">\n    <div class=\"c-appeared c-appeared--down\">\n        <div class=\"container\">\n            <article class=\"content-box content-box--content-box\">\n                <div class=\"content-box__container\">\n                    <div class=\"row justify-content-between align-items-center\">\n                        <div class=\"col-lg-7 order-lg-1\">\n                            <div class=\"content-box__picture content-box__picture--left\">\n                                                                    <div class=\"content-box__slider swiper\">\n                                        <div class=\"swiper-wrapper\">\n                                                                                            <div class=\"swiper-slide content-box__slide\">\n                                                    <img loading=\"lazy\" decoding=\"async\" width=\"768\" height=\"513\" src=\"https:\/\/uploads.montage.com\/uploads\/sites\/7\/2025\/06\/13084835\/MLC-1-REST-MAREA-05-0560-768x513.webp\" class=\"content-box__image\" alt=\"El patio de Marea\">\n                                                <\/div>\n                                                                                    <\/div>\n                                                                            <\/div>\n                                                            <\/div>\n                        <\/div>\n                        <div class=\" col-lg-5 col-xl-5 order-lg-2\">\n                            <div class=\"offset-lg-1 d-flex col-lg-11 align-items-top\">\n                                <div class=\"d-flex flex-column col-12\">\n                                <div class=\"c-expander c-expander--content-box\">\n                                    <div class=\"c-expander__excerpt content-box__excerpt-wrapper\">\n                                        <div class=\"c-expander__excerpt-inner\">\n                                            \n                                                                                            <h2 class=\"content-box__title content-box__title--content-box c-title c-title--secondary c-title--black\">Terraza Marea<\/h2>\n                                            \n                                            \n                                                                                        <div class=\"content-box__excerpt content-box__excerpt--content-box\">\n                                                <p>Terraza Marea ofrece vistas inmaculadas a la playa, proporcionando un entorno espectacular para disfrutar del atardecer. Desde la celebraci&oacute;n de un hito especial hasta una reuni&oacute;n &iacute;ntima con cena privada frente al mar, Marea ofrece un espacio c&oacute;modo y vers&aacute;til para diversos tama&ntilde;os de grupos y ocasiones.<\/p>\n\n                                            <\/div>\n                                            \n                                                                                    <\/div>\n                                        <div class=\"c-expander__shadow\"><\/div>\n                                    <\/div>\n                                    <div class=\"c-expander__button c-expander__button--content-box\">\n                                        <button class=\"c-expander__button-label c-expander__button-label--content-box c-expander__button-label--\" aria-label=\"Read more\"><\/button>\n                                    <\/div>\n\n                                    \n                                    \n                                <\/div>\n                                \n                                                                <\/div>\n                            <\/div>\n                        <\/div>\n                    <\/div>\n                <\/div>\n            <\/article>\n        <\/div>\n    <\/div>\n<\/section>\n","protected":false},"excerpt":{"rendered":"","protected":false},"author":108,"featured_media":0,"parent":6179,"menu_order":0,"comment_status":"closed","ping_status":"closed","template":"","meta":{"_acf_changed":false,"footnotes":""},"class_list":["post-23635","page","type-page","status-publish","hentry"],"acf":[],"yoast_head":"<!-- This site is optimized with the Yoast SEO plugin v26.9 - https:\/\/yoast.com\/product\/yoast-seo-wordpress\/ -->\n<title>Espacios para Eventos Privados en Los Cabos | Montage<\/title>\n<meta name=\"description\" content=\"Montage Los Cabos es ideal para eventos grandes o \u00edntimos, con espacios privados para cenas y reuniones, desde lo informal hasta lo m\u00e1s formal.\" \/>\n<meta name=\"robots\" content=\"index, follow, max-snippet:-1, max-image-preview:large, max-video-preview:-1\" \/>\n<link rel=\"canonical\" href=\"https:\/\/www.montage.com\/loscabos\/es\/gatherings\/private-dining\/\" \/>\n<meta property=\"og:locale\" content=\"es_ES\" \/>\n<meta property=\"og:type\" content=\"article\" \/>\n<meta property=\"og:title\" content=\"Espacios para Eventos Privados en Los Cabos | Montage\" \/>\n<meta property=\"og:description\" content=\"Montage Los Cabos es ideal para eventos grandes o \u00edntimos, con espacios privados para cenas y reuniones, desde lo informal hasta lo m\u00e1s formal.\" \/>\n<meta property=\"og:url\" content=\"https:\/\/www.montage.com\/loscabos\/es\/gatherings\/private-dining\/\" \/>\n<meta property=\"og:site_name\" content=\"Montage Los Cabos\" \/>\n<meta property=\"article:modified_time\" content=\"2025-06-23T15:38:11+00:00\" \/>\n<meta property=\"og:image\" content=\"https:\/\/uploads.montage.com\/uploads\/sites\/7\/2020\/06\/01144122\/mlc-og.webp\" \/>\n\t<meta property=\"og:image:width\" content=\"1200\" \/>\n\t<meta property=\"og:image:height\" content=\"630\" \/>\n\t<meta property=\"og:image:type\" content=\"image\/jpeg\" \/>\n<meta name=\"twitter:card\" content=\"summary_large_image\" \/>\n<!-- \/ Yoast SEO plugin. -->","yoast_head_json":{"title":"Espacios para Eventos Privados en Los Cabos | Montage","description":"Montage Los Cabos es ideal para eventos grandes o \u00edntimos, con espacios privados para cenas y reuniones, desde lo informal hasta lo m\u00e1s formal.","robots":{"index":"index","follow":"follow","max-snippet":"max-snippet:-1","max-image-preview":"max-image-preview:large","max-video-preview":"max-video-preview:-1"},"canonical":"https:\/\/www.montage.com\/loscabos\/es\/gatherings\/private-dining\/","og_locale":"es_ES","og_type":"article","og_title":"Espacios para Eventos Privados en Los Cabos | Montage","og_description":"Montage Los Cabos es ideal para eventos grandes o \u00edntimos, con espacios privados para cenas y reuniones, desde lo informal hasta lo m\u00e1s formal.","og_url":"https:\/\/www.montage.com\/loscabos\/es\/gatherings\/private-dining\/","og_site_name":"Montage Los Cabos","article_modified_time":"2025-06-23T15:38:11+00:00","og_image":[{"width":1200,"height":630,"url":"https:\/\/uploads.montage.com\/uploads\/sites\/7\/2020\/06\/01144122\/mlc-og.webp","type":"image\/jpeg"}],"twitter_card":"summary_large_image","schema":{"@context":"https:\/\/schema.org","@graph":[{"@type":"WebPage","@id":"https:\/\/www.montage.com\/loscabos\/es\/gatherings\/private-dining\/","url":"https:\/\/www.montage.com\/loscabos\/es\/gatherings\/private-dining\/","name":"Espacios para Eventos Privados en Los Cabos | Montage","isPartOf":{"@id":"https:\/\/www.montagehotels.com\/loscabos\/#website"},"datePublished":"2025-06-09T23:48:28+00:00","dateModified":"2025-06-23T15:38:11+00:00","description":"Montage Los Cabos es ideal para eventos grandes o \u00edntimos, con espacios privados para cenas y reuniones, desde lo informal hasta lo m\u00e1s formal.","breadcrumb":{"@id":"https:\/\/www.montage.com\/loscabos\/es\/gatherings\/private-dining\/#breadcrumb"},"inLanguage":"es-ES","potentialAction":[{"@type":"ReadAction","target":["https:\/\/www.montage.com\/loscabos\/es\/gatherings\/private-dining\/"]}]},{"@type":"BreadcrumbList","@id":"https:\/\/www.montage.com\/loscabos\/es\/gatherings\/private-dining\/#breadcrumb","itemListElement":[{"@type":"ListItem","position":1,"name":"Home","item":"https:\/\/www.montage.com\/loscabos\/es\/"},{"@type":"ListItem","position":2,"name":"Gatherings","item":"https:\/\/www.montage.com\/loscabos\/es\/gatherings\/"},{"@type":"ListItem","position":3,"name":"Private Dining"}]},{"@type":"WebSite","@id":"https:\/\/www.montagehotels.com\/loscabos\/#website","url":"https:\/\/www.montagehotels.com\/loscabos\/","name":"Montage Los Cabos","description":"Montage Los Cabos","potentialAction":[{"@type":"SearchAction","target":{"@type":"EntryPoint","urlTemplate":"https:\/\/www.montagehotels.com\/loscabos\/?s={search_term_string}"},"query-input":{"@type":"PropertyValueSpecification","valueRequired":true,"valueName":"search_term_string"}}],"inLanguage":"es-ES"}]}},"blocks_json":[{"blockName":"acf\/hero-slider","attrs":{"id":"block_6848549d6afc3","name":"acf\/hero-slider","data":{"logo":"","_logo":"field_5d663d2147e22","hero_slide_0_image_slide":24046,"_hero_slide_0_image_slide":"field_5c192ef79fc8c","hero_slide":["image"],"_hero_slide":"field_5c19359faec57","widgets":"[title-widget]","_widgets":"field_5d9dde0ce9057","widget_settings_position":"middle","_widget_settings_position":"field_6368dbbcb7989","widget_settings_title":"Cena Privada","_widget_settings_title":"field_6136100c00b77","widget_settings_button_title":"","_widget_settings_button_title":"field_6138833bd61ec","widget_settings_button_link":"","_widget_settings_button_link":"field_6138835cd61ed","widget_settings_open_link_in_new_tab":"0","_widget_settings_open_link_in_new_tab":"field_61388372d61ee","widget_settings":"","_widget_settings":"field_5f0305cd60ec3","expiry_date":"","_expiry_date":"field_6397004a6de4f","tmc_id":"tmc_6909e13ad2ed1_block","_tmc_id":"field_650c65b403c86"},"mode":"edit","anchor":"private-dining"},"innerBlocks":[],"innerHTML":"","innerContent":[]},{"blockName":"acf\/intro-box","attrs":{"id":"block_6848549d6afc4","name":"acf\/intro-box","data":{"title":"Cena Privada","_title":"field_5d63da2c62aba","description":"Los Cabos es el destino ideal para un evento especial o una reuni\u00f3n \u00edntima con amigos y familiares. Desde restaurantes con comedores privados hasta amplios espacios al aire libre en terrazas, nuestros espacios en el resort Montage Los Cabos pueden ayudar a dar vida a tu evento gastron\u00f3mico privado.","_description":"field_5d63da7bdce32","rfp_title":"","_rfp_title":"field_67aa537e6f3e0","rfp_buttons_0_link":{"title":"Reuniones","url":"https:\/\/www.montage.com\/loscabos\/gatherings\/meetings\/","target":""},"_rfp_buttons_0_link":"field_67aa53fa6f3e2","rfp_buttons_1_link":{"title":"Espacio para Eventos","url":"https:\/\/www.montage.com\/loscabos\/gatherings\/event-venues\/","target":""},"_rfp_buttons_1_link":"field_67aa53fa6f3e2","rfp_buttons":2,"_rfp_buttons":"field_67aa53c26f3e1","rfp_links":"","_rfp_links":"field_67aa54136f3e3","contact_information":"Informaci\u00f3n de Contacto:\r\n\r\n<a href=\"tel:9497156220\">(949) 715-6220<\/a>\r\n\r\n<a href=\"mailto:mlb.eventssales@montage.com\">mlb.eventssales@montage.com<\/a>","_contact_information":"field_67aa54496f3e5","template":"rfp","_template":"field_632d9c45a7f22","expiry_date":"","_expiry_date":"field_6397004a6de4f","tmc_id":"tmc_6909e13ad2ed3_block","_tmc_id":"field_650c65b403c86"},"mode":"edit","anchor":"creating-memorable-moments"},"innerBlocks":[],"innerHTML":"","innerContent":[]},{"blockName":"acf\/content-box","attrs":{"id":"block_6848549d6afc5","name":"acf\/content-box","data":{"tagline":"","_tagline":"field_5e13185ff6543","title":"Privado Mezcal","_title":"field_5d94628233f68","subtitle":"Hasta 40 pax","_subtitle":"field_5d94628e33f69","description":"Mezcal es el restaurante insignia de Montage Los Cabos, y su comedor privado es el lugar ideal para tu evento en interiores. Nuestra cocina mexicana moderna combina gastronom\u00eda regional, un ambiente c\u00f3modo y contempor\u00e1neo, adem\u00e1s de nuestra distintiva hospitalidad y servicio.","_description":"field_5d94629a33f6a","images_0_image":16654,"_images_0_image":"field_5d9478b687907","images":1,"_images":"field_5dc15613ec84d","more_links":"","_more_links":"field_5d9472789a43b","custom_links":"","_custom_links":"field_5d9470a533f74","note":"","_note":"field_5d94736d3fdc6","template":"image-right","_template":"field_62dfb48ce62d5","alignment":"center","_alignment":"field_67cf2ebf5ad63","expiry_date":"","_expiry_date":"field_6397004a6de4f","tmc_id":"tmc_6909e13ad2ed4_block","_tmc_id":"field_650c65b403c86"},"mode":"edit","anchor":"private-dining-1"},"innerBlocks":[],"innerHTML":"","innerContent":[]},{"blockName":"acf\/content-box","attrs":{"id":"block_6848549d6afc6","name":"acf\/content-box","data":{"tagline":"","_tagline":"field_5e13185ff6543","title":"Terraza Marea","_title":"field_5d94628233f68","subtitle":"","_subtitle":"field_5d94628e33f69","description":"Terraza Marea ofrece vistas inmaculadas a la playa, proporcionando un entorno espectacular para disfrutar del atardecer. Desde la celebraci\u00f3n de un hito especial hasta una reuni\u00f3n \u00edntima con cena privada frente al mar, Marea ofrece un espacio c\u00f3modo y vers\u00e1til para diversos tama\u00f1os de grupos y ocasiones.","_description":"field_5d94629a33f6a","images_0_image":24041,"_images_0_image":"field_5d9478b687907","images":1,"_images":"field_5dc15613ec84d","more_links":"","_more_links":"field_5d9472789a43b","custom_links":"","_custom_links":"field_5d9470a533f74","note":"","_note":"field_5d94736d3fdc6","template":"image-left","_template":"field_62dfb48ce62d5","alignment":"center","_alignment":"field_67cf2ebf5ad63","expiry_date":"","_expiry_date":"field_6397004a6de4f","tmc_id":"tmc_6909e13ad2ed5_block","_tmc_id":"field_650c65b403c86"},"mode":"edit","anchor":"private-dining-1"},"innerBlocks":[],"innerHTML":"","innerContent":[]}],"_links":{"self":[{"href":"https:\/\/www.montage.com\/loscabos\/es\/wp-json\/wp\/v2\/pages\/23635","targetHints":{"allow":["GET"]}}],"collection":[{"href":"https:\/\/www.montage.com\/loscabos\/es\/wp-json\/wp\/v2\/pages"}],"about":[{"href":"https:\/\/www.montage.com\/loscabos\/es\/wp-json\/wp\/v2\/types\/page"}],"author":[{"embeddable":true,"href":"https:\/\/www.montage.com\/loscabos\/es\/wp-json\/wp\/v2\/users\/108"}],"replies":[{"embeddable":true,"href":"https:\/\/www.montage.com\/loscabos\/es\/wp-json\/wp\/v2\/comments?post=23635"}],"version-history":[{"count":8,"href":"https:\/\/www.montage.com\/loscabos\/es\/wp-json\/wp\/v2\/pages\/23635\/revisions"}],"predecessor-version":[{"id":24670,"href":"https:\/\/www.montage.com\/loscabos\/es\/wp-json\/wp\/v2\/pages\/23635\/revisions\/24670"}],"up":[{"embeddable":true,"href":"https:\/\/www.montage.com\/loscabos\/es\/wp-json\/wp\/v2\/pages\/6179"}],"wp:attachment":[{"href":"https:\/\/www.montage.com\/loscabos\/es\/wp-json\/wp\/v2\/media?parent=23635"}],"curies":[{"name":"wp","href":"https:\/\/api.w.org\/{rel}","templated":true}]}}