{"id":23626,"date":"2025-06-09T16:38:56","date_gmt":"2025-06-09T23:38:56","guid":{"rendered":"https:\/\/www.montage.com\/loscabos\/?page_id=23626"},"modified":"2025-12-23T20:44:09","modified_gmt":"2025-12-24T03:44:09","slug":"sushi-bar","status":"publish","type":"page","link":"https:\/\/www.montage.com\/loscabos\/es\/dining\/sushi-bar\/","title":{"rendered":"Sushi Bar"},"content":{"rendered":"<div id=\"hero-slider\" class=\"hero\">\n    <div class=\"hero__container swiper-container hero__container-- \">\n        <div class=\"hero__wrapper hero__wrapper--  \">\n                                        <div class=\"hero__slide hero__slide--  swiper-slide\">\n            <img loading=\"lazy\" decoding=\"async\" width=\"1920\" height=\"1080\" src=\"https:\/\/uploads.montage.com\/uploads\/sites\/7\/2023\/02\/16102542\/Montage-Los-Cabos-Sushi-Bar-1920x1080.webp\" class=\"hero__image \" alt=\"Sushi Bar in Los Cabos\">\n                    <\/div>\n                        <\/div>\n\n        \n\n        \n    <\/div>\n\n            <div class=\"hero__widget hero__widget--middle\">\n                        <div class=\"booking-widget\">\n    \n    \n                        <h1 class=\"booking-widget__title c-title--hero c-title--white \">\n                Sushi Bar\n            <\/h1>\n                <\/div>\n\n        <\/div>\n    \n    \n<\/div>\n\n\n<div id=\"healdsburg-country-store\" class=\"page-section page-section--intro-box-default\">\n    <div class=\"intro-box container\">\n        <div class=\"intro-box__container\">\n            <div class=\"row\">\n                <div class=\"col-lg-12 text-center intro-box__content  intro-box__content--regular\">\n                                                                                                                <h2 class=\"intro-box__title c-title--black\">Sushi Bar<\/h2>\n                                                                <div class=\"intro-box__caption d-flex flex-column align-items-center justify-content-center\">\n                                                                                    <div class=\" intro-box__caption--regular\"><p>Si buscas el mejor sushi en Los Cabos, planea una cena en The Sushi Bar at Marea, donde podr&aacute;s disfrutar de una experiencia al aire libre con una variedad de rolls frescos y creaciones culinarias especiales. Complementa tu comida con una bebida seleccionada de nuestra variedad de cervezas, vinos y c&oacute;cteles artesanales.<\/p>\n<\/div>\n                                                    \n                                                                                                <\/div>\n                <\/div>\n                                                                <\/div>\n        <\/div>\n    <\/div>\n<\/div>\n\n\n<section id=\"hours\" class=\"hours c-spacing__bottom-- c-spacing__top-- page-section--\">\n    <div class=\"hours__inner \">\n                <div class=\"hours__container container hours__container-- \" id=\"hours\">\n\n                            <img loading=\"lazy\" decoding=\"async\" width=\"2560\" height=\"1702\" src=\"https:\/\/uploads.montage.com\/uploads\/sites\/7\/2022\/06\/21153637\/MLC-1-REST-MAREA-08-SUSHI-0608-scaled.webp\" class=\"hours__image\" alt=\"Sushi Bar\">\n                        <div class=\"hours__content \">\n                                                            <h2 class=\"hours__title \">Horarios e Informaci&oacute;n<\/h2>\n                                    \n                <div class=\"hours__days \">\n            <div class=\"hours__days-item\">\n\n                            <strong class=\"hours__subtitle\">Todos los d&iacute;as<\/strong>\n            \n            <div class=\"hours__schedule\">\n                                                            <div class=\"hours__schedule-item \">\n                            <div class=\"hours__schedule-headline \">\n                                \n                                <span class=\"hours__schedule-time\">5:00pm &#8211; 10:00pm<\/span>\n                            <\/div>\n\n                                                    <\/div>\n                    \n                                <\/div>\n\n        <\/div>\n            <div class=\"hours__days-item\">\n\n            \n            <div class=\"hours__schedule\">\n                                        <div class=\"hours__text \">\n                            <p><span class=\"content-box__more-container\"><a class=\"c-button c-button--underline c-button--gray\" href=\"https:\/\/www.montage.com\/loscabos\/menus\/sushi-bar-spanish\/\">Sushi Bar Men&uacute;<\/a><\/span><\/p>\n\n                        <\/div>\n                            <\/div>\n\n        <\/div>\n    <\/div>\n\n                                    <div class=\"hours__description\"><p>Informaci&oacute;n de Contacto:<\/p>\n<p><a class=\"c-button c-button--underline c-button--gray\" href=\"tel:526241632023\">+52 (624) 163-2023<\/a><\/p>\n<\/div>\n                \n                            <\/div>\n        <\/div>\n    <\/div>\n<\/section>\n\n\n<section id=\"a-taste-of-healdsburg\" class=\"page-section content-box page-section--white\">\n    <div class=\"c-appeared c-appeared--down\">\n        <div class=\"container\">\n            <article class=\"content-box content-box--content-box\">\n                <div class=\"content-box__container\">\n                    <div class=\"row justify-content-between align-items-center\">\n                        <div class=\"col-lg-7 order-lg-2\">\n                            <div class=\"content-box__picture content-box__picture--right\">\n                                                                    <div class=\"content-box__slider swiper\">\n                                        <div class=\"swiper-wrapper\">\n                                                                                            <div class=\"swiper-slide content-box__slide\">\n                                                    <img loading=\"lazy\" decoding=\"async\" width=\"768\" height=\"512\" src=\"https:\/\/uploads.montage.com\/uploads\/sites\/7\/2025\/12\/23202626\/MLC-2-REST-MAREA-02-ENTREES-2369-768x512.webp\" class=\"content-box__image\" alt=\"Montage Los Cabos Dine\">\n                                                <\/div>\n                                                                                    <\/div>\n                                                                            <\/div>\n                                                            <\/div>\n                        <\/div>\n                        <div class=\" col-lg-5 col-xl-5 order-lg-1\">\n                            <div class=\" d-flex col-lg-11 align-items-top\">\n                                <div class=\"d-flex flex-column col-12\">\n                                <div class=\"c-expander c-expander--content-box\">\n                                    <div class=\"c-expander__excerpt content-box__excerpt-wrapper\">\n                                        <div class=\"c-expander__excerpt-inner\">\n                                            \n                                                                                            <h2 class=\"content-box__title content-box__title--content-box c-title c-title--secondary c-title--black\">Pesca del D&iacute;a<\/h2>\n                                            \n                                            \n                                                                                        <div class=\"content-box__excerpt content-box__excerpt--content-box\">\n                                                <p>El men&uacute; destaca la pesca m&aacute;s fresca del d&iacute;a de la Pen&iacute;nsula de Baja, permiti&eacute;ndote disfrutar de selecciones de mariscos de primera calidad, perfectos para crear exquisito sashimi, delicado nigiri o cualquier otra creaci&oacute;n culinaria de tu elecci&oacute;n, todo dentro del entorno de nuestro restaurante frente al mar.<span style=\"width: 0px;overflow: hidden;line-height: 0\" data-mce-type=\"bookmark\" class=\"mce_SELRES_start\">&#65279;<\/span><\/p>\n\n                                            <\/div>\n                                            \n                                                                                    <\/div>\n                                        <div class=\"c-expander__shadow\"><\/div>\n                                    <\/div>\n                                    <div class=\"c-expander__button c-expander__button--content-box\">\n                                        <button class=\"c-expander__button-label c-expander__button-label--content-box c-expander__button-label--\" aria-label=\"Read more\"><\/button>\n                                    <\/div>\n\n                                    \n                                    \n                                <\/div>\n                                \n                                                                <\/div>\n                            <\/div>\n                        <\/div>\n                    <\/div>\n                <\/div>\n            <\/article>\n        <\/div>\n    <\/div>\n<\/section>\n","protected":false},"excerpt":{"rendered":"","protected":false},"author":90,"featured_media":0,"parent":6221,"menu_order":0,"comment_status":"closed","ping_status":"closed","template":"","meta":{"_acf_changed":false,"footnotes":""},"class_list":["post-23626","page","type-page","status-publish","hentry"],"acf":[],"yoast_head":"<!-- This site is optimized with the Yoast SEO plugin v26.9 - https:\/\/yoast.com\/product\/yoast-seo-wordpress\/ -->\n<title>Sushi Bar (Espa\u00f1ol) | Montage Los Cabos<\/title>\n<meta name=\"description\" content=\"Descubra el Sushi Bar en nuestros exclusivos restaurantes y bares de Montage Los Cabos, en Cabo San Lucas.\" \/>\n<meta name=\"robots\" content=\"index, follow, max-snippet:-1, max-image-preview:large, max-video-preview:-1\" \/>\n<link rel=\"canonical\" href=\"https:\/\/www.montage.com\/loscabos\/es\/dining\/sushi-bar\/\" \/>\n<meta property=\"og:locale\" content=\"es_ES\" \/>\n<meta property=\"og:type\" content=\"article\" \/>\n<meta property=\"og:title\" content=\"Sushi Bar (Espa\u00f1ol) | Montage Los Cabos\" \/>\n<meta property=\"og:description\" content=\"Descubra el Sushi Bar en nuestros exclusivos restaurantes y bares de Montage Los Cabos, en Cabo San Lucas.\" \/>\n<meta property=\"og:url\" content=\"https:\/\/www.montage.com\/loscabos\/es\/dining\/sushi-bar\/\" \/>\n<meta property=\"og:site_name\" content=\"Montage Los Cabos\" \/>\n<meta property=\"article:modified_time\" content=\"2025-12-24T03:44:09+00:00\" \/>\n<meta property=\"og:image\" content=\"https:\/\/uploads.montage.com\/uploads\/sites\/7\/2020\/06\/01144122\/mlc-og.webp\" \/>\n\t<meta property=\"og:image:width\" content=\"1200\" \/>\n\t<meta property=\"og:image:height\" content=\"630\" \/>\n\t<meta property=\"og:image:type\" content=\"image\/jpeg\" \/>\n<meta name=\"twitter:card\" content=\"summary_large_image\" \/>\n<!-- \/ Yoast SEO plugin. -->","yoast_head_json":{"title":"Sushi Bar (Espa\u00f1ol) | Montage Los Cabos","description":"Descubra el Sushi Bar en nuestros exclusivos restaurantes y bares de Montage Los Cabos, en Cabo San Lucas.","robots":{"index":"index","follow":"follow","max-snippet":"max-snippet:-1","max-image-preview":"max-image-preview:large","max-video-preview":"max-video-preview:-1"},"canonical":"https:\/\/www.montage.com\/loscabos\/es\/dining\/sushi-bar\/","og_locale":"es_ES","og_type":"article","og_title":"Sushi Bar (Espa\u00f1ol) | Montage Los Cabos","og_description":"Descubra el Sushi Bar en nuestros exclusivos restaurantes y bares de Montage Los Cabos, en Cabo San Lucas.","og_url":"https:\/\/www.montage.com\/loscabos\/es\/dining\/sushi-bar\/","og_site_name":"Montage Los Cabos","article_modified_time":"2025-12-24T03:44:09+00:00","og_image":[{"width":1200,"height":630,"url":"https:\/\/uploads.montage.com\/uploads\/sites\/7\/2020\/06\/01144122\/mlc-og.webp","type":"image\/jpeg"}],"twitter_card":"summary_large_image","schema":{"@context":"https:\/\/schema.org","@graph":[{"@type":"WebPage","@id":"https:\/\/www.montage.com\/loscabos\/es\/dining\/sushi-bar\/","url":"https:\/\/www.montage.com\/loscabos\/es\/dining\/sushi-bar\/","name":"Sushi Bar (Espa\u00f1ol) | Montage Los Cabos","isPartOf":{"@id":"https:\/\/www.montagehotels.com\/loscabos\/#website"},"datePublished":"2025-06-09T23:38:56+00:00","dateModified":"2025-12-24T03:44:09+00:00","description":"Descubra el Sushi Bar en nuestros exclusivos restaurantes y bares de Montage Los Cabos, en Cabo San Lucas.","breadcrumb":{"@id":"https:\/\/www.montage.com\/loscabos\/es\/dining\/sushi-bar\/#breadcrumb"},"inLanguage":"es-ES","potentialAction":[{"@type":"ReadAction","target":["https:\/\/www.montage.com\/loscabos\/es\/dining\/sushi-bar\/"]}]},{"@type":"BreadcrumbList","@id":"https:\/\/www.montage.com\/loscabos\/es\/dining\/sushi-bar\/#breadcrumb","itemListElement":[{"@type":"ListItem","position":1,"name":"Home","item":"https:\/\/www.montage.com\/loscabos\/es\/"},{"@type":"ListItem","position":2,"name":"Dining","item":"https:\/\/www.montage.com\/loscabos\/es\/dining\/"},{"@type":"ListItem","position":3,"name":"Sushi Bar"}]},{"@type":"WebSite","@id":"https:\/\/www.montagehotels.com\/loscabos\/#website","url":"https:\/\/www.montagehotels.com\/loscabos\/","name":"Montage Los Cabos","description":"Montage Los Cabos","potentialAction":[{"@type":"SearchAction","target":{"@type":"EntryPoint","urlTemplate":"https:\/\/www.montagehotels.com\/loscabos\/?s={search_term_string}"},"query-input":{"@type":"PropertyValueSpecification","valueRequired":true,"valueName":"search_term_string"}}],"inLanguage":"es-ES"}]}},"blocks_json":[{"blockName":"acf\/hero-slider","attrs":{"name":"acf\/hero-slider","data":{"logo":"","_logo":"field_5d663d2147e22","hero_slide_0_image_slide":12754,"_hero_slide_0_image_slide":"field_5c192ef79fc8c","hero_slide":["image"],"_hero_slide":"field_5c19359faec57","widgets":"[title-widget]","_widgets":"field_5d9dde0ce9057","widget_settings_position":"middle","_widget_settings_position":"field_6368dbbcb7989","widget_settings_title":"Sushi Bar","_widget_settings_title":"field_6136100c00b77","widget_settings_button_title":"","_widget_settings_button_title":"field_6138833bd61ec","widget_settings_button_link":"","_widget_settings_button_link":"field_6138835cd61ed","widget_settings_open_link_in_new_tab":"1","_widget_settings_open_link_in_new_tab":"field_61388372d61ee","widget_settings":"","_widget_settings":"field_5f0305cd60ec3","expiry_date":"","_expiry_date":"field_6397004a6de4f","tmc_id":"tmc_6909e13acfde0_block","_tmc_id":"field_650c65b403c86"},"align":false,"mode":"edit","anchor":"hero-slider"},"innerBlocks":[],"innerHTML":"","innerContent":[]},{"blockName":"acf\/intro-box","attrs":{"name":"acf\/intro-box","data":{"title":"Sushi Bar","_title":"field_5d63da2c62aba","subtitle":"","_subtitle":"field_5d63da4462abb","description":"Si buscas el mejor sushi en Los Cabos, planea una cena en The Sushi Bar at Marea, donde podr\u00e1s disfrutar de una experiencia al aire libre con una variedad de rolls frescos y creaciones culinarias especiales. Complementa tu comida con una bebida seleccionada de nuestra variedad de cervezas, vinos y c\u00f3cteles artesanales.","_description":"field_5d63da7bdce32","revision":"","_revision":"field_5d9664f1372e5","buttons":"","_buttons":"field_5d63da99dce33","table":"","_table":"field_5d91d87d32137","template":"regular","_template":"field_632d9c45a7f22","expiry_date":"","_expiry_date":"field_6397004a6de4f","tmc_id":"tmc_6909e13acfde1_block","_tmc_id":"field_650c65b403c86"},"align":false,"mode":"edit","anchor":"healdsburg-country-store"},"innerBlocks":[],"innerHTML":"","innerContent":[]},{"blockName":"acf\/hours","attrs":{"name":"acf\/hours","data":{"title":"Horarios e Informaci\u00f3n","_title":"field_67a9bc73de6e7","description":"Informaci\u00f3n de Contacto:\r\n\r\n<a href=\"tel:526241632023\">+52 (624) 163-2023<\/a>","_description":"field_67a9bda3de6ea","button":"","_button":"field_67a9bdb7de6eb","hours_group_0_title":"Todos los d\u00edas","_hours_group_0_title":"field_67a9bdf9de6ed","hours_group_0_type":"time","_hours_group_0_type":"field_67da864d91385","hours_group_0_hours_0_time_of_day":"","_hours_group_0_hours_0_time_of_day":"field_67a9be27de6ef","hours_group_0_hours_0_start_time":"5:00pm","_hours_group_0_hours_0_start_time":"field_67a9be35de6f0","hours_group_0_hours_0_additional_text":"","_hours_group_0_hours_0_additional_text":"field_67e6a1d36ac8d","hours_group_0_hours_0_end_time":"10:00pm","_hours_group_0_hours_0_end_time":"field_67a9be48de6f1","hours_group_0_hours":1,"_hours_group_0_hours":"field_67a9be04de6ee","hours_group_1_title":"","_hours_group_1_title":"field_67a9bdf9de6ed","hours_group_1_type":"text","_hours_group_1_type":"field_67da864d91385","hours_group_1_text":"<span class=\"content-box__more-container\"><a class=\"c-button content-box__more--gray content-box__more--content-box content-box__more--\" href=\"https:\/\/www.montage.com\/loscabos\/menus\/sushi-bar-spanish\/\">Sushi Bar Men\u00fa<\/a><\/span>","_hours_group_1_text":"field_67da86d591386","hours_group":2,"_hours_group":"field_67a9bddade6ec","image":10621,"_image":"field_67a9bc80de6e8","image_placement":"left","_image_placement":"field_67a9bd68de6e9","padding_top":"","_padding_top":"field_642d25af0578b","padding_bottom":"","_padding_bottom":"field_642d26a20578c","expiry_date":"","_expiry_date":"field_6397004a6de4f","tmc_id":"tmc_6909e13acfde2_block","_tmc_id":"field_650c65b403c86"},"align":false,"mode":"edit","anchor":"hours"},"innerBlocks":[],"innerHTML":"","innerContent":[]},{"blockName":"acf\/content-box","attrs":{"name":"acf\/content-box","data":{"tagline":"","_tagline":"field_5e13185ff6543","title":"Pesca del D\u00eda","_title":"field_5d94628233f68","subtitle":"","_subtitle":"field_5d94628e33f69","description":"El men\u00fa destaca la pesca m\u00e1s fresca del d\u00eda de la Pen\u00ednsula de Baja, permiti\u00e9ndote disfrutar de selecciones de mariscos de primera calidad, perfectos para crear exquisito sashimi, delicado nigiri o cualquier otra creaci\u00f3n culinaria de tu elecci\u00f3n, todo dentro del entorno de nuestro restaurante frente al mar.<span style=\"width: 0px;overflow: hidden;line-height: 0\" data-mce-type=\"bookmark\" class=\"mce_SELRES_start\">\ufeff<\/span>","_description":"field_5d94629a33f6a","images_0_image":27009,"_images_0_image":"field_5d9478b687907","images":1,"_images":"field_5dc15613ec84d","more_links":"","_more_links":"field_5d9472789a43b","custom_links":"","_custom_links":"field_5d9470a533f74","note":"","_note":"field_5d94736d3fdc6","template":"image-right","_template":"field_62dfb48ce62d5","alignment":"center","_alignment":"field_67cf2ebf5ad63","tmc_id":"tmc_6909e13acfde3_block","_tmc_id":"field_650c65b403c86","expiry_date":"","_expiry_date":"field_6397004a6de4f"},"align":false,"mode":"edit","anchor":"a-taste-of-healdsburg"},"innerBlocks":[],"innerHTML":"","innerContent":[]}],"_links":{"self":[{"href":"https:\/\/www.montage.com\/loscabos\/es\/wp-json\/wp\/v2\/pages\/23626","targetHints":{"allow":["GET"]}}],"collection":[{"href":"https:\/\/www.montage.com\/loscabos\/es\/wp-json\/wp\/v2\/pages"}],"about":[{"href":"https:\/\/www.montage.com\/loscabos\/es\/wp-json\/wp\/v2\/types\/page"}],"author":[{"embeddable":true,"href":"https:\/\/www.montage.com\/loscabos\/es\/wp-json\/wp\/v2\/users\/90"}],"replies":[{"embeddable":true,"href":"https:\/\/www.montage.com\/loscabos\/es\/wp-json\/wp\/v2\/comments?post=23626"}],"version-history":[{"count":7,"href":"https:\/\/www.montage.com\/loscabos\/es\/wp-json\/wp\/v2\/pages\/23626\/revisions"}],"predecessor-version":[{"id":27043,"href":"https:\/\/www.montage.com\/loscabos\/es\/wp-json\/wp\/v2\/pages\/23626\/revisions\/27043"}],"up":[{"embeddable":true,"href":"https:\/\/www.montage.com\/loscabos\/es\/wp-json\/wp\/v2\/pages\/6221"}],"wp:attachment":[{"href":"https:\/\/www.montage.com\/loscabos\/es\/wp-json\/wp\/v2\/media?parent=23626"}],"curies":[{"name":"wp","href":"https:\/\/api.w.org\/{rel}","templated":true}]}}