{"id":1176,"date":"2019-12-26T10:23:34","date_gmt":"2019-12-26T10:23:34","guid":{"rendered":"https:\/\/montage-demo.azds.com\/loscabos\/contact-spain\/"},"modified":"2025-12-23T16:11:26","modified_gmt":"2025-12-23T23:11:26","slug":"contact","status":"publish","type":"page","link":"https:\/\/www.montage.com\/loscabos\/es\/contact\/","title":{"rendered":"Contacto"},"content":{"rendered":"<div id=\"unsubscribe\" class=\"hero\">\n    <div class=\"hero__container swiper-container hero__container-- \">\n        <div class=\"hero__wrapper hero__wrapper--  \">\n                                        <div class=\"hero__slide hero__slide--  swiper-slide\">\n            <img loading=\"lazy\" decoding=\"async\" width=\"1920\" height=\"1080\" src=\"https:\/\/uploads.montage.com\/uploads\/sites\/7\/2020\/01\/16142659\/MLC-Dusk-Hero-1920x1080.webp\" class=\"hero__image \" alt=\"Montage Los Cabos al atardecer\">\n                    <\/div>\n                        <\/div>\n\n        \n\n        \n    <\/div>\n\n            <div class=\"hero__widget hero__widget--middle\">\n                        <div class=\"booking-widget\">\n                            <h1 class=\"booking-widget__title c-title--hero c-title--white\">\n                Cont&aacute;ctenos\n            <\/h1>\n                <\/div>\n\n        <\/div>\n    \n    \n<\/div>\n\n\n<div id=\"contact\" class=\"page-section page-section--intro-box-default\">\n    <div class=\"intro-box container\">\n        <div class=\"intro-box__container\">\n            <div class=\"row\">\n                <div class=\"col-lg-8 intro-box__content  intro-box__content--regular\">\n                                                                                                                <h2 class=\"intro-box__title c-title--black\">&iquest;C&oacute;mo Podemos Ayudarle?<\/h2>\n                                                                <div class=\"intro-box__caption\">\n                                                                                    <div class=\" intro-box__caption--regular\"><p>H&aacute;ganos saber c&oacute;mo podemos asistirle. Por favor ll&aacute;menos al <span class=\"navis\" id=\"navis-tfn-1\">(800) 772-2226<\/span><script type=\"text\/javascript\">window.document.addEventListener(\"DOMContentLoaded\", () => { ProcessNavisNCKeyword5(\".montage.com\", true, false, false, 90); SetElementToNavisNCPhoneNumber(\"navis-tfn-1\"); });<\/script>, +52 (624) 163-2000, o env&iacute;enos un mensaje usando el siguiente formulario.<\/p>\n<\/div>\n                                                    \n                                                                                                <\/div>\n                <\/div>\n                                                            <div class=\"col-lg-4 d-flex intro-box__table intro-box__table--regular\">\n                            <div class=\"provision\">\n                                                                    <div class=\"provision__item\">\n                                                                                                                                    <h2 class=\"provision__title--regular\">Contacto<\/h2>\n                                                                                                                            <div class=\"provision__caption\"><p><a href=\"tel:+18007722226\" aria-label=\"H&aacute;ganos saber c&oacute;mo podemos asistirle\" id=\"phone-number-1\"><script type=\"text\/javascript\">ProcessNavisNCKeyword5(\".montage.com\", true, false, false, 90); ShowNavisNCPhoneNumberFormat(\"(###) ###-####\");<\/script><\/a><br>\n<a href=\"tel:+526241632000\" aria-label=\"H&aacute;ganos saber c&oacute;mo podemos asistirle\">+52 (624) 163-2000<\/a><script type=\"text\/javascript\">window.document.addEventListener(\"DOMContentLoaded\", () => { document.getElementById(\"phone-number-1\").href = \"tel:\" + FormatPhone(NavisConvertTagToPhoneNumberBasic(ReadNavisTagCookie()),\"1-##########\"); });<\/script><\/p>\n<\/div>\n                                                                            <\/div>\n                                                                    <div class=\"provision__item\">\n                                                                                                                                    <h2 class=\"provision__title--regular\">Direcci&oacute;n<\/h2>\n                                                                                                                            <div class=\"provision__caption\"><p><a href=\"https:\/\/www.google.com\/maps\/place\/Montage,+Playa+Santa+Maria,+Los+Cabos\/@22.9283078,-109.8215053,17z\/data=!4m12!1m6!3m5!1s0x86af4c461af1c9b5:0x5a967e0105ca307d!2sMaravilla+Los+Cabos!8m2!3d22.9283078!4d-109.8193166!3m4!1s0x0:0x989dfda25e24f724!8m2!3d22.9297159!4d-109.8161267\" target=\"_blank\" rel=\"noopener\">Carretera Transpeninsular KM. 12.5, Int.<br>\nBah&iacute;a Santa Mar&iacute;a, Twin Dolphin, Cabo San Lucas, B.C.S., C.P. 23450 M&eacute;xico<\/a><\/p>\n<\/div>\n                                                                            <\/div>\n                                                            <\/div>\n                        <\/div>\n                                                <\/div>\n        <\/div>\n    <\/div>\n<\/div>\n\n\n<div id=\"contact-us-form\" class=\"page-section page-section--gray \">\n    <div class=\"container\">\n        <div class=\"tile-banner tile-banner--form\">\n            \n            \n                            <div class=\"tile-banner__form\">\n                    \n<div class=\"wpcf7 no-js\" id=\"wpcf7-f5939-o1\" lang=\"es-ES\" dir=\"ltr\" data-wpcf7-id=\"5939\">\n<div class=\"screen-reader-response\"><p role=\"status\" aria-live=\"polite\" aria-atomic=\"true\"><\/p> <ul><\/ul><\/div>\n<form action=\"\/loscabos\/es\/wp-json\/wp\/v2\/pages\/1176#wpcf7-f5939-o1\" method=\"post\" class=\"wpcf7-form init\" aria-label=\"Contact form\" autocomplete=\"off\" novalidate=\"novalidate\" data-status=\"init\">\n<fieldset class=\"hidden-fields-container\"><input type=\"hidden\" name=\"_wpcf7\" value=\"5939\"><input type=\"hidden\" name=\"_wpcf7_version\" value=\"6.1.5\"><input type=\"hidden\" name=\"_wpcf7_locale\" value=\"es_ES\"><input type=\"hidden\" name=\"_wpcf7_unit_tag\" value=\"wpcf7-f5939-o1\"><input type=\"hidden\" name=\"_wpcf7_container_post\" value=\"0\"><input type=\"hidden\" name=\"_wpcf7_posted_data_hash\" value=\"\"><input type=\"hidden\" name=\"_wpcf7cf_hidden_group_fields\" value=\"[]\"><input type=\"hidden\" name=\"_wpcf7cf_hidden_groups\" value=\"[]\"><input type=\"hidden\" name=\"_wpcf7cf_visible_groups\" value=\"[]\"><input type=\"hidden\" name=\"_wpcf7cf_repeaters\" value=\"[]\"><input type=\"hidden\" name=\"_wpcf7cf_steps\" value=\"{}\"><input type=\"hidden\" name=\"_wpcf7cf_options\" value='{\"form_id\":5939,\"conditions\":[],\"settings\":{\"animation\":\"yes\",\"animation_intime\":200,\"animation_outtime\":200,\"conditions_ui\":\"normal\",\"notice_dismissed\":false}}'>\n<\/fieldset>\n<p style=\"font-size: 15px;text-align: left\">Los lugares marcados con asterisco (*) son obligatorios.\n<\/p>\n<fieldset class=\"form__section\">\n\t<legend class=\"sr-only\">Formulario de contacto\n\t<\/legend>\n\t<div class=\"form__row row\">\n\t\t<div class=\"form__col col-lg-6\">\n\t\t\t<p><span class=\"wpcf7-form-control-wrap\" data-name=\"fname\"><input size=\"40\" maxlength=\"400\" class=\"wpcf7-form-control wpcf7-text wpcf7-validates-as-required form__input form__input--text\" id=\"fname\" aria-required=\"true\" aria-invalid=\"false\" value=\"\" type=\"text\" name=\"fname\"><\/span><br>\n<label class=\"form__label\" for=\"fname\">Nombre<span aria-hidden=\"true\">*<\/span><\/label>\n\t\t\t<\/p>\n\t\t<\/div>\n\t\t<div class=\"form__col col-lg-6\">\n\t\t\t<p><span class=\"wpcf7-form-control-wrap\" data-name=\"lname\"><input size=\"40\" maxlength=\"400\" class=\"wpcf7-form-control wpcf7-text wpcf7-validates-as-required form__input form__input--text\" id=\"lname\" aria-required=\"true\" aria-invalid=\"false\" value=\"\" type=\"text\" name=\"lname\"><\/span><br>\n<label class=\"form__label\" for=\"lname\">Apellido<span aria-hidden=\"true\">*<\/span><\/label>\n\t\t\t<\/p>\n\t\t<\/div>\n\t<\/div>\n\t<div class=\"form__row row\">\n\t\t<div class=\"form__col col-lg-6\">\n\t\t\t<p><span class=\"wpcf7-form-control-wrap\" data-name=\"email\"><input size=\"40\" maxlength=\"400\" class=\"wpcf7-form-control wpcf7-email wpcf7-validates-as-required wpcf7-text wpcf7-validates-as-email form__input form__input--email\" id=\"email\" aria-required=\"true\" aria-invalid=\"false\" value=\"\" type=\"email\" name=\"email\"><\/span><br>\n<label class=\"form__label\" for=\"email\">Correo electr&oacute;nico<span aria-hidden=\"true\">*<\/span><\/label>\n\t\t\t<\/p>\n\t\t<\/div>\n\t\t<div class=\"form__col col-lg-6\">\n\t\t\t<p><span class=\"wpcf7-form-control-wrap\" data-name=\"reason\"><input size=\"40\" maxlength=\"400\" class=\"wpcf7-form-control wpcf7-text wpcf7-validates-as-required form__input form__input--text\" id=\"reason\" aria-required=\"true\" aria-invalid=\"false\" value=\"\" type=\"text\" name=\"reason\"><\/span><br>\n<label class=\"form__label\" for=\"reason\">Motivo de contacto<span aria-hidden=\"true\">*<\/span><\/label>\n\t\t\t<\/p>\n\t\t<\/div>\n\t<\/div>\n\t<div class=\"form__row row\">\n\t\t<div class=\"form__col col\">\n\t\t\t<p><span class=\"wpcf7-form-control-wrap\" data-name=\"comments\"><textarea cols=\"40\" rows=\"10\" maxlength=\"2000\" class=\"wpcf7-form-control wpcf7-textarea form__input form__input--textarea\" id=\"comments\" aria-invalid=\"false\" name=\"comments\"><\/textarea><\/span><br>\n<label class=\"form__label\" for=\"comments\">&iquest;C&oacute;mo podemos ayudarle?<\/label>\n\t\t\t<\/p>\n\t\t<\/div>\n\t<\/div>\n\t<div class=\"form__row form__row--last\">\n\t\t<div class=\"form__col col\">\n\t\t\t<p><input class=\"wpcf7-form-control wpcf7-submit has-spinner form__button c-button c-button--primary c-button--animated\" type=\"submit\" value=\"Enviar\">\n\t\t\t<\/p>\n\t\t<\/div>\n\t<\/div>\n<\/fieldset>\n<div class=\"wpcf7-turnstile cf-turnstile\" data-sitekey=\"0x4AAAAAACK3fE4f50wR10Ln\" data-response-field-name=\"_wpcf7_turnstile_response\" data-appearance=\"interaction-only\"><\/div><div class=\"visually-hidden\" aria-hidden=\"true\">\n                        <label>\n                            Additional terms and conditions\n                            <input type=\"checkbox\" name=\"terms_and_conditions_for_special_guests\" value=\"1\" tabindex=\"-1\">\n                        <\/label>\n                     <\/div><div class=\"wpcf7-response-output\" aria-hidden=\"true\"><\/div>\n<\/form>\n<\/div>\n\n                <\/div>\n            \n                    <\/div>\n    <\/div>\n<\/div>\n","protected":false},"excerpt":{"rendered":"","protected":false},"author":8,"featured_media":0,"parent":0,"menu_order":0,"comment_status":"closed","ping_status":"closed","template":"","meta":{"_acf_changed":false,"footnotes":""},"class_list":["post-1176","page","type-page","status-publish","hentry"],"acf":[],"yoast_head":"<!-- This site is optimized with the Yoast SEO plugin v26.9 - https:\/\/yoast.com\/product\/yoast-seo-wordpress\/ -->\n<title>Contacte a Montage Los Cabos | Resort de lujo en Baja<\/title>\n<meta name=\"description\" content=\"Complete nuestro formulario para m\u00e1s informaci\u00f3n sobre alojamiento y spa en Montage Los Cabos. Nos pondremos en contacto a la brevedad.\" \/>\n<meta name=\"robots\" content=\"index, follow, max-snippet:-1, max-image-preview:large, max-video-preview:-1\" \/>\n<link rel=\"canonical\" href=\"https:\/\/www.montage.com\/loscabos\/es\/contact\/\" \/>\n<meta property=\"og:locale\" content=\"es_ES\" \/>\n<meta property=\"og:type\" content=\"article\" \/>\n<meta property=\"og:title\" content=\"Contacte a Montage Los Cabos | Resort de lujo en Baja\" \/>\n<meta property=\"og:description\" content=\"Complete nuestro formulario para m\u00e1s informaci\u00f3n sobre alojamiento y spa en Montage Los Cabos. Nos pondremos en contacto a la brevedad.\" \/>\n<meta property=\"og:url\" content=\"https:\/\/www.montage.com\/loscabos\/es\/contact\/\" \/>\n<meta property=\"og:site_name\" content=\"Montage Los Cabos\" \/>\n<meta property=\"article:modified_time\" content=\"2025-12-23T23:11:26+00:00\" \/>\n<meta property=\"og:image\" content=\"https:\/\/uploads.montage.com\/uploads\/sites\/7\/2020\/06\/01144122\/mlc-og.webp\" \/>\n\t<meta property=\"og:image:width\" content=\"1200\" \/>\n\t<meta property=\"og:image:height\" content=\"630\" \/>\n\t<meta property=\"og:image:type\" content=\"image\/jpeg\" \/>\n<meta name=\"twitter:card\" content=\"summary_large_image\" \/>\n<!-- \/ Yoast SEO plugin. -->","yoast_head_json":{"title":"Contacte a Montage Los Cabos | Resort de lujo en Baja","description":"Complete nuestro formulario para m\u00e1s informaci\u00f3n sobre alojamiento y spa en Montage Los Cabos. Nos pondremos en contacto a la brevedad.","robots":{"index":"index","follow":"follow","max-snippet":"max-snippet:-1","max-image-preview":"max-image-preview:large","max-video-preview":"max-video-preview:-1"},"canonical":"https:\/\/www.montage.com\/loscabos\/es\/contact\/","og_locale":"es_ES","og_type":"article","og_title":"Contacte a Montage Los Cabos | Resort de lujo en Baja","og_description":"Complete nuestro formulario para m\u00e1s informaci\u00f3n sobre alojamiento y spa en Montage Los Cabos. Nos pondremos en contacto a la brevedad.","og_url":"https:\/\/www.montage.com\/loscabos\/es\/contact\/","og_site_name":"Montage Los Cabos","article_modified_time":"2025-12-23T23:11:26+00:00","og_image":[{"width":1200,"height":630,"url":"https:\/\/uploads.montage.com\/uploads\/sites\/7\/2020\/06\/01144122\/mlc-og.webp","type":"image\/jpeg"}],"twitter_card":"summary_large_image","schema":{"@context":"https:\/\/schema.org","@graph":[{"@type":"WebPage","@id":"https:\/\/www.montage.com\/loscabos\/es\/contact\/","url":"https:\/\/www.montage.com\/loscabos\/es\/contact\/","name":"Contacte a Montage Los Cabos | Resort de lujo en Baja","isPartOf":{"@id":"https:\/\/www.montagehotels.com\/loscabos\/#website"},"datePublished":"2019-12-26T10:23:34+00:00","dateModified":"2025-12-23T23:11:26+00:00","description":"Complete nuestro formulario para m\u00e1s informaci\u00f3n sobre alojamiento y spa en Montage Los Cabos. Nos pondremos en contacto a la brevedad.","breadcrumb":{"@id":"https:\/\/www.montage.com\/loscabos\/es\/contact\/#breadcrumb"},"inLanguage":"es-ES","potentialAction":[{"@type":"ReadAction","target":["https:\/\/www.montage.com\/loscabos\/es\/contact\/"]}]},{"@type":"BreadcrumbList","@id":"https:\/\/www.montage.com\/loscabos\/es\/contact\/#breadcrumb","itemListElement":[{"@type":"ListItem","position":1,"name":"Home","item":"https:\/\/www.montage.com\/loscabos\/es\/"},{"@type":"ListItem","position":2,"name":"Contacto"}]},{"@type":"WebSite","@id":"https:\/\/www.montagehotels.com\/loscabos\/#website","url":"https:\/\/www.montagehotels.com\/loscabos\/","name":"Montage Los Cabos","description":"Montage Los Cabos","potentialAction":[{"@type":"SearchAction","target":{"@type":"EntryPoint","urlTemplate":"https:\/\/www.montagehotels.com\/loscabos\/?s={search_term_string}"},"query-input":{"@type":"PropertyValueSpecification","valueRequired":true,"valueName":"search_term_string"}}],"inLanguage":"es-ES"}]}},"blocks_json":[{"blockName":"acf\/hero-slider","attrs":{"name":"acf\/hero-slider","data":{"logo":"","_logo":"field_5d663d2147e22","hero_slide_0_image_slide":1436,"_hero_slide_0_image_slide":"field_5c192ef79fc8c","hero_slide":["image"],"_hero_slide":"field_5c19359faec57","widgets":"[title-widget]","_widgets":"field_5d9dde0ce9057","widget_settings_position":"middle","_widget_settings_position":"field_6368dbbcb7989","widget_settings_title":"Cont\u00e1ctenos","_widget_settings_title":"field_6136100c00b77","widget_settings_button_title":"","_widget_settings_button_title":"field_6138833bd61ec","widget_settings_button_link":"","_widget_settings_button_link":"field_6138835cd61ed","widget_settings_open_link_in_new_tab":"0","_widget_settings_open_link_in_new_tab":"field_61388372d61ee","widget_settings":"","_widget_settings":"field_5f0305cd60ec3","expiry_date":"","_expiry_date":"field_6397004a6de4f","tmc_id":"tmc_6909e13957f31_block","_tmc_id":"field_650c65b403c86"},"align":false,"mode":"edit","anchor":"unsubscribe"},"innerBlocks":[],"innerHTML":"","innerContent":[]},{"blockName":"acf\/intro-box","attrs":{"name":"acf\/intro-box","data":{"title":"\u00bfC\u00f3mo Podemos Ayudarle?","_title":"field_5d63da2c62aba","subtitle":"","_subtitle":"field_5d63da4462abb","description":"H\u00e1ganos saber c\u00f3mo podemos asistirle. Por favor ll\u00e1menos al (800) 772-2226, +52 (624) 163-2000, o env\u00edenos un mensaje usando el siguiente formulario.","_description":"field_5d63da7bdce32","revision":"","_revision":"field_5d9664f1372e5","buttons":"","_buttons":"field_5d63da99dce33","table_0_title":"Contacto","_table_0_title":"field_5d91e679568bd","table_0_excerpt":"<a href=\"tel:+18007722226\" aria-label=\"H\u00e1ganos saber c\u00f3mo podemos asistirle\">(800) 772-2226<\/a>\r\n<a href=\"tel:+526241632000\" aria-label=\"H\u00e1ganos saber c\u00f3mo podemos asistirle\">+52 (624) 163-2000<\/a>","_table_0_excerpt":"field_5d91d8a132138","table_0_note":"","_table_0_note":"field_5d91f054df595","table_1_title":"Direcci\u00f3n","_table_1_title":"field_5d91e679568bd","table_1_excerpt":"<a href=\"https:\/\/www.google.com\/maps\/place\/Montage,+Playa+Santa+Maria,+Los+Cabos\/@22.9283078,-109.8215053,17z\/data=!4m12!1m6!3m5!1s0x86af4c461af1c9b5:0x5a967e0105ca307d!2sMaravilla+Los+Cabos!8m2!3d22.9283078!4d-109.8193166!3m4!1s0x0:0x989dfda25e24f724!8m2!3d22.9297159!4d-109.8161267\" target=\"_blank\" rel=\"noopener\">Carretera Transpeninsular KM. 12.5, Int.\r\nBah\u00eda Santa Mar\u00eda, Twin Dolphin, Cabo San Lucas, B.C.S., C.P. 23450 M\u00e9xico<\/a>","_table_1_excerpt":"field_5d91d8a132138","table_1_note":"","_table_1_note":"field_5d91f054df595","table":2,"_table":"field_5d91d87d32137","template":"regular","_template":"field_632d9c45a7f22","tmc_id":"tmc_6909e13957f32_block","_tmc_id":"field_650c65b403c86","expiry_date":"","_expiry_date":"field_6397004a6de4f"},"align":false,"mode":"edit","anchor":"contact"},"innerBlocks":[],"innerHTML":"","innerContent":[]},{"blockName":"acf\/form-box","attrs":{"name":"acf\/form-box","data":{"_title":"field_5da0c2d7b5b7a","_description":"field_5da0c301b5b7c","form_code":"[contact-form-7 id=\"1161\" title=\"Contact Us Form\"]","_form_code":"field_5da0c2f2b5b7b","_top_nav_excluded":"","_cms_nav_minihome":"","_alp_processed":"1601403100","template":"regular","tmc_id":"tmc_6909e13957f33_block","_tmc_id":"field_650c65b403c86"},"align":false,"mode":"edit","anchor":"contact-us-form"},"innerBlocks":[],"innerHTML":"","innerContent":[]}],"_links":{"self":[{"href":"https:\/\/www.montage.com\/loscabos\/es\/wp-json\/wp\/v2\/pages\/1176","targetHints":{"allow":["GET"]}}],"collection":[{"href":"https:\/\/www.montage.com\/loscabos\/es\/wp-json\/wp\/v2\/pages"}],"about":[{"href":"https:\/\/www.montage.com\/loscabos\/es\/wp-json\/wp\/v2\/types\/page"}],"author":[{"embeddable":true,"href":"https:\/\/www.montage.com\/loscabos\/es\/wp-json\/wp\/v2\/users\/8"}],"replies":[{"embeddable":true,"href":"https:\/\/www.montage.com\/loscabos\/es\/wp-json\/wp\/v2\/comments?post=1176"}],"version-history":[{"count":6,"href":"https:\/\/www.montage.com\/loscabos\/es\/wp-json\/wp\/v2\/pages\/1176\/revisions"}],"predecessor-version":[{"id":26935,"href":"https:\/\/www.montage.com\/loscabos\/es\/wp-json\/wp\/v2\/pages\/1176\/revisions\/26935"}],"wp:attachment":[{"href":"https:\/\/www.montage.com\/loscabos\/es\/wp-json\/wp\/v2\/media?parent=1176"}],"curies":[{"name":"wp","href":"https:\/\/api.w.org\/{rel}","templated":true}]}}