{"id":21715,"date":"2025-06-26T10:49:43","date_gmt":"2025-06-26T17:49:43","guid":{"rendered":"https:\/\/www.montage.com\/lagunabeach\/?page_id=21715"},"modified":"2026-01-14T16:49:50","modified_gmt":"2026-01-14T23:49:50","slug":"montage-laguna-beach-appoints-victorio-gonzalez-as-managing-director","status":"publish","type":"page","link":"https:\/\/www.montage.com\/lagunabeach\/press-room\/montage-laguna-beach-appoints-victorio-gonzalez-as-managing-director\/","title":{"rendered":"Montage Laguna Beach Appoints Victorio Gonzalez as Managing Director"},"content":{"rendered":"<div id=\"Montage-Laguna-Beach-Appoints-Victorio-Gonzalez-as-Managing-Director\" class=\"page-section page-section--intro-box-default\">\n    <div class=\"intro-box container\">\n        <div class=\"intro-box__container\">\n            <div class=\"row\">\n                <div class=\"col-lg-12 text-center intro-box__content  intro-box__content--regular\">\n                                                                                                                <h1 class=\"intro-box__title c-title--black\">Montage Laguna Beach Appoints Victorio Gonzalez as Managing Director<\/h1>\n                                                                <div class=\"intro-box__caption d-flex flex-column align-items-center justify-content-center\">\n                                                                            \n                                                                                                <\/div>\n                <\/div>\n                                                                <\/div>\n        <\/div>\n    <\/div>\n<\/div>\n\n\n<div id=\"html-block\" class=\"page-section page-section--white c-spacing__bottom--small c-spacing__top--none\">\n    <div class=\"container\">\n                <section class=\"html-box html-box--article\">\n            <p style=\"font-weight: 400\"><strong>LAGUNA BEACH, Calif. (June 12, 2025)&nbsp;<\/strong>&ndash;&nbsp; <a href=\"https:\/\/www.montage.com\/lagunabeach\/\">Montage Laguna Beach<\/a> has announced the appointment of&nbsp;Victorio Gonzalez as the resort&rsquo;s managing director.&nbsp;A two-decade Montage Hotels &amp; Resorts veteran, Gonzalez will oversee all daily operations at the resort, collaborating with department managers to ensure exceptional guest experiences.<\/p>\n<p style=\"font-weight: 400\">&ldquo;Victorio is a dynamic and inspiring leader, driven by an unwavering commitment to service excellence,&rdquo;&nbsp;said Jason Herthel, president and chief operating officer of Montage International. &ldquo;Over his 22-year tenure with our company, he has shown tremendous success delivering standout guest experiences and financial performance. We are delighted to welcome him back to Montage Laguna Beach to lead the team.&rdquo;<\/p>\n<p style=\"font-weight: 400\">Gonzalez joined the company at its inception in 2003, serving as director of restaurants on the opening team at Montage Laguna Beach before becoming the director of food and beverage in 2007. Gonzalez served as resort manager of Montage Deer Valley and at Montage Los Cabos, where he played a key role in the successful grand opening of the company&rsquo;s first international resort in Mexico. He was appointed general manager of Pendry San Diego in 2020 and Montage Big Sky in 2022, where he led the resort and team to numerous accolades including a Forbes Five Star award in the property&rsquo;s first year of eligibility.<\/p>\n<p style=\"font-weight: 400\">Prior to joining Montage International, Gonzalez was founder and managing partner of Executive Dining Consultants LLC, which owned and operated restaurants in Tucson, Arizona, and consulted for the pre-opening team of Studio Restaurant at Montage Laguna Beach. He also served as general manager of restaurants at The Mirage and Bellagio in Las Vegas, Nevada and The Phoenician in Scottsdale, Arizona.<\/p>\n<p style=\"font-weight: 400\">Gonzalez holds degrees in classical history from the University of Arizona and economics from Instituto Tecnol&oacute;gico Aut&oacute;nomo de M&eacute;xico.<\/p>\n<p style=\"font-weight: 400\">For more information on Montage International, visit <a href=\"http:\/\/www.montage.com\/\">www.montage.com<\/a>. For more information on Montage Laguna Beach, follow @montagelaguna or please visit:&nbsp;<a href=\"http:\/\/www.montage.com\/lagunabeach\">www.montage.com\/lagunabeach<\/a>.<\/p>\n<p style=\"font-weight: 400\">Headshot available <a href=\"https:\/\/www.dropbox.com\/scl\/fi\/t9i2b4i7x79o9twx11937\/Victorio-Gonzalez_Managing-Director.jpg?rlkey=hmrh3ki2eqhrscccbvacgufqk&amp;st=wafb48pt&amp;dl=0\">here<\/a>.<\/p>\n<p style=\"font-weight: 400\">###<\/p>\n<p style=\"font-weight: 400\"><strong>&nbsp;<\/strong><\/p>\n<p style=\"font-weight: 400\"><strong>About Montage Laguna Beach <\/strong><\/p>\n<p style=\"font-weight: 400\">Montage Laguna Beach is set on a coastal bluff overlooking the Pacific Ocean in the heart of the vibrant arts community of Laguna Beach, California. The 262-room craftsman-style resort offers 30 acres of oceanfront luxury featuring beachfront accommodations and 23 privately owned Montage Residences. The expansive resort includes a 20,000-sq. ft. Spa Montage; destination dining amongst four restaurants, including signature restaurant, Studio Mediterranean; Montage&rsquo;s signature children&rsquo;s program, Paintbox; a wealth of outdoor recreation including two pools and direct beach access; a fine art collection; and more than 20,000-sq. ft. of indoor and outdoor meeting space. Montage Laguna Beach is a member of Preferred Hotels &amp; Resorts&rsquo; worldwide collection. For more information, follow @montagelaguna or visit www.montage.com\/lagunabeach.<\/p>\n<p style=\"font-weight: 400\"><strong>About Montage International <\/strong><\/p>\n<p><span style=\"font-weight: 400\">Montage International, the hospitality management company founded by Alan J. Fuerstman, features the ultra-luxury brand Montage Hotels &amp; Resorts, the contemporary luxury hospitality brand Pendry Hotels &amp; Resorts, Montage Residences, Pendry Residences, and the management of some of the country&rsquo;s premier golf courses and clubs. Founded in 2002, Montage Hotels &amp; Resorts is an artistic collection of distinctive hotels, resorts, and residences. Pendry Hotels &amp; Resorts, founded in 2014, is a collection of hotels for today&rsquo;s cultured world traveler located in taste-making destinations. For more information, please visit www.montageinternational.com and follow @montagehotels and @pendryhotels.<\/span><\/p>\n\n        <\/section>\n    <\/div>\n<\/div>\n","protected":false},"excerpt":{"rendered":"","protected":false},"author":131,"featured_media":0,"parent":1165,"menu_order":0,"comment_status":"closed","ping_status":"closed","template":"","meta":{"_acf_changed":false,"footnotes":""},"class_list":["post-21715","page","type-page","status-publish","hentry"],"acf":[],"yoast_head":"<!-- This site is optimized with the Yoast SEO plugin v26.9 - https:\/\/yoast.com\/product\/yoast-seo-wordpress\/ -->\n<title>Montage Laguna Beach Appoints New Managing Director<\/title>\n<meta name=\"robots\" content=\"index, follow, max-snippet:-1, max-image-preview:large, max-video-preview:-1\" \/>\n<link rel=\"canonical\" href=\"https:\/\/www.montage.com\/lagunabeach\/press-room\/montage-laguna-beach-appoints-victorio-gonzalez-as-managing-director\/\" \/>\n<meta property=\"og:locale\" content=\"en_US\" \/>\n<meta property=\"og:type\" content=\"article\" \/>\n<meta property=\"og:title\" content=\"Montage Laguna Beach Appoints New Managing Director\" \/>\n<meta property=\"og:url\" content=\"https:\/\/www.montage.com\/lagunabeach\/press-room\/montage-laguna-beach-appoints-victorio-gonzalez-as-managing-director\/\" \/>\n<meta property=\"og:site_name\" content=\"Montage Laguna Beach\" \/>\n<meta property=\"article:modified_time\" content=\"2026-01-14T23:49:50+00:00\" \/>\n<meta property=\"og:image\" content=\"https:\/\/uploads.montage.com\/uploads\/sites\/6\/2020\/01\/09162710\/mlb-og.webp\" \/>\n\t<meta property=\"og:image:width\" content=\"1200\" \/>\n\t<meta property=\"og:image:height\" content=\"630\" \/>\n\t<meta property=\"og:image:type\" content=\"image\/jpeg\" \/>\n<meta name=\"twitter:card\" content=\"summary_large_image\" \/>\n<!-- \/ Yoast SEO plugin. -->","yoast_head_json":{"title":"Montage Laguna Beach Appoints New Managing Director","robots":{"index":"index","follow":"follow","max-snippet":"max-snippet:-1","max-image-preview":"max-image-preview:large","max-video-preview":"max-video-preview:-1"},"canonical":"https:\/\/www.montage.com\/lagunabeach\/press-room\/montage-laguna-beach-appoints-victorio-gonzalez-as-managing-director\/","og_locale":"en_US","og_type":"article","og_title":"Montage Laguna Beach Appoints New Managing Director","og_url":"https:\/\/www.montage.com\/lagunabeach\/press-room\/montage-laguna-beach-appoints-victorio-gonzalez-as-managing-director\/","og_site_name":"Montage Laguna Beach","article_modified_time":"2026-01-14T23:49:50+00:00","og_image":[{"width":1200,"height":630,"url":"https:\/\/uploads.montage.com\/uploads\/sites\/6\/2020\/01\/09162710\/mlb-og.webp","type":"image\/jpeg"}],"twitter_card":"summary_large_image","schema":{"@context":"https:\/\/schema.org","@graph":[{"@type":"WebPage","@id":"https:\/\/www.montage.com\/lagunabeach\/press-room\/montage-laguna-beach-appoints-victorio-gonzalez-as-managing-director\/","url":"https:\/\/www.montage.com\/lagunabeach\/press-room\/montage-laguna-beach-appoints-victorio-gonzalez-as-managing-director\/","name":"Montage Laguna Beach Appoints New Managing Director","isPartOf":{"@id":"https:\/\/www.montage.com\/lagunabeach\/#website"},"datePublished":"2025-06-26T17:49:43+00:00","dateModified":"2026-01-14T23:49:50+00:00","breadcrumb":{"@id":"https:\/\/www.montage.com\/lagunabeach\/press-room\/montage-laguna-beach-appoints-victorio-gonzalez-as-managing-director\/#breadcrumb"},"inLanguage":"en-US","potentialAction":[{"@type":"ReadAction","target":["https:\/\/www.montage.com\/lagunabeach\/press-room\/montage-laguna-beach-appoints-victorio-gonzalez-as-managing-director\/"]}]},{"@type":"BreadcrumbList","@id":"https:\/\/www.montage.com\/lagunabeach\/press-room\/montage-laguna-beach-appoints-victorio-gonzalez-as-managing-director\/#breadcrumb","itemListElement":[{"@type":"ListItem","position":1,"name":"Home","item":"https:\/\/www.montage.com\/lagunabeach\/"},{"@type":"ListItem","position":2,"name":"Press Room","item":"https:\/\/www.montage.com\/lagunabeach\/press-room\/"},{"@type":"ListItem","position":3,"name":"Montage Laguna Beach Appoints Victorio Gonzalez as Managing Director"}]},{"@type":"WebSite","@id":"https:\/\/www.montage.com\/lagunabeach\/#website","url":"https:\/\/www.montage.com\/lagunabeach\/","name":"Montage Laguna Beach","description":"Montage Laguna Beach","potentialAction":[{"@type":"SearchAction","target":{"@type":"EntryPoint","urlTemplate":"https:\/\/www.montage.com\/lagunabeach\/?s={search_term_string}"},"query-input":{"@type":"PropertyValueSpecification","valueRequired":true,"valueName":"search_term_string"}}],"inLanguage":"en-US"}]}},"blocks_json":[{"blockName":"acf\/intro-box","attrs":{"name":"acf\/intro-box","data":{"title":"Montage Laguna Beach Appoints Victorio Gonzalez as Managing Director","_title":"field_5d63da2c62aba","subtitle":"","_subtitle":"field_5d63da4462abb","description":"","_description":"field_5d63da7bdce32","revision":"","_revision":"field_5d9664f1372e5","buttons":"","_buttons":"field_5d63da99dce33","table":"","_table":"field_5d91d87d32137","template":"regular","_template":"field_632d9c45a7f22","expiry_date":"","_expiry_date":"field_6397004a6de4f","tmc_id":"tmc_6909e12d2eabb_block","_tmc_id":"field_650c65b403c86"},"align":false,"mode":"edit","anchor":"Montage-Laguna-Beach-Appoints-Victorio-Gonzalez-as-Managing-Director"},"innerBlocks":[],"innerHTML":"","innerContent":[]},{"blockName":"acf\/html-block","attrs":{"name":"acf\/html-block","data":{"title":"","_title":"field_5db079da1be3d","subtitle":"","_subtitle":"field_5db079e21be3e","content":"<p style=\"font-weight: 400\"><strong>LAGUNA BEACH, Calif. (June 12, 2025)\u00a0<\/strong>\u2013\u00a0 <a href=\"https:\/\/www.montage.com\/lagunabeach\/\">Montage Laguna Beach<\/a> has announced the appointment of\u00a0Victorio Gonzalez as the resort\u2019s managing director.\u00a0A two-decade Montage Hotels &amp; Resorts veteran, Gonzalez will oversee all daily operations at the resort, collaborating with department managers to ensure exceptional guest experiences.<\/p>\r\n<p style=\"font-weight: 400\">\u201cVictorio is a dynamic and inspiring leader, driven by an unwavering commitment to service excellence,\u201d\u00a0said Jason Herthel, president and chief operating officer of Montage International. \u201cOver his 22-year tenure with our company, he has shown tremendous success delivering standout guest experiences and financial performance. We are delighted to welcome him back to Montage Laguna Beach to lead the team.\u201d<\/p>\r\n<p style=\"font-weight: 400\">Gonzalez joined the company at its inception in 2003, serving as director of restaurants on the opening team at Montage Laguna Beach before becoming the director of food and beverage in 2007. Gonzalez served as resort manager of Montage Deer Valley and at Montage Los Cabos, where he played a key role in the successful grand opening of the company\u2019s first international resort in Mexico. He was appointed general manager of Pendry San Diego in 2020 and Montage Big Sky in 2022, where he led the resort and team to numerous accolades including a Forbes Five Star award in the property\u2019s first year of eligibility.<\/p>\r\n<p style=\"font-weight: 400\">Prior to joining Montage International, Gonzalez was founder and managing partner of Executive Dining Consultants LLC, which owned and operated restaurants in Tucson, Arizona, and consulted for the pre-opening team of Studio Restaurant at Montage Laguna Beach. He also served as general manager of restaurants at The Mirage and Bellagio in Las Vegas, Nevada and The Phoenician in Scottsdale, Arizona.<\/p>\r\n<p style=\"font-weight: 400\">Gonzalez holds degrees in classical history from the University of Arizona and economics from Instituto Tecnol\u00f3gico Aut\u00f3nomo de M\u00e9xico.<\/p>\r\n<p style=\"font-weight: 400\">For more information on Montage International, visit <a href=\"http:\/\/www.montage.com\/\">www.montage.com<\/a>. For more information on Montage Laguna Beach, follow @montagelaguna or please visit:\u00a0<a href=\"http:\/\/www.montage.com\/lagunabeach\">www.montage.com\/lagunabeach<\/a>.<\/p>\r\n<p style=\"font-weight: 400\">Headshot available <a href=\"https:\/\/www.dropbox.com\/scl\/fi\/t9i2b4i7x79o9twx11937\/Victorio-Gonzalez_Managing-Director.jpg?rlkey=hmrh3ki2eqhrscccbvacgufqk&amp;st=wafb48pt&amp;dl=0\">here<\/a>.<\/p>\r\n<p style=\"font-weight: 400\">###<\/p>\r\n<p style=\"font-weight: 400\"><strong>\u00a0<\/strong><\/p>\r\n<p style=\"font-weight: 400\"><strong>About Montage Laguna Beach <\/strong><\/p>\r\n<p style=\"font-weight: 400\">Montage Laguna Beach is set on a coastal bluff overlooking the Pacific Ocean in the heart of the vibrant arts community of Laguna Beach, California. The 262-room craftsman-style resort offers 30 acres of oceanfront luxury featuring beachfront accommodations and 23 privately owned Montage Residences. The expansive resort includes a 20,000-sq. ft. Spa Montage; destination dining amongst four restaurants, including signature restaurant, Studio Mediterranean; Montage\u2019s signature children\u2019s program, Paintbox; a wealth of outdoor recreation including two pools and direct beach access; a fine art collection; and more than 20,000-sq. ft. of indoor and outdoor meeting space. Montage Laguna Beach is a member of Preferred Hotels &amp; Resorts' worldwide collection. For more information, follow @montagelaguna or visit www.montage.com\/lagunabeach.<\/p>\r\n<p style=\"font-weight: 400\"><strong>About Montage International <\/strong><\/p>\r\n<span style=\"font-weight: 400\">Montage International, the hospitality management company founded by Alan J. Fuerstman, features the ultra-luxury brand Montage Hotels &amp; Resorts, the contemporary luxury hospitality brand Pendry Hotels &amp; Resorts, Montage Residences, Pendry Residences, and the management of some of the country\u2019s premier golf courses and clubs. Founded in 2002, Montage Hotels &amp; Resorts is an artistic collection of distinctive hotels, resorts, and residences. Pendry Hotels &amp; Resorts, founded in 2014, is a collection of hotels for today\u2019s cultured world traveler located in taste-making destinations. For more information, please visit www.montageinternational.com and follow @montagehotels and @pendryhotels.<\/span>","_content":"field_5d64de4eb32bc","template":"article","_template":"field_63749256f9812","padding_top":"none","_padding_top":"field_642d25af0578b","padding_bottom":"small","_padding_bottom":"field_642d26a20578c","tmc_id":"tmc_6909e12d2eabc_block","_tmc_id":"field_650c65b403c86","expiry_date":"","_expiry_date":"field_6397004a6de4f"},"align":false,"mode":"edit","anchor":"html-block"},"innerBlocks":[],"innerHTML":"","innerContent":[]}],"_links":{"self":[{"href":"https:\/\/www.montage.com\/lagunabeach\/wp-json\/wp\/v2\/pages\/21715","targetHints":{"allow":["GET"]}}],"collection":[{"href":"https:\/\/www.montage.com\/lagunabeach\/wp-json\/wp\/v2\/pages"}],"about":[{"href":"https:\/\/www.montage.com\/lagunabeach\/wp-json\/wp\/v2\/types\/page"}],"author":[{"embeddable":true,"href":"https:\/\/www.montage.com\/lagunabeach\/wp-json\/wp\/v2\/users\/131"}],"replies":[{"embeddable":true,"href":"https:\/\/www.montage.com\/lagunabeach\/wp-json\/wp\/v2\/comments?post=21715"}],"version-history":[{"count":7,"href":"https:\/\/www.montage.com\/lagunabeach\/wp-json\/wp\/v2\/pages\/21715\/revisions"}],"predecessor-version":[{"id":23637,"href":"https:\/\/www.montage.com\/lagunabeach\/wp-json\/wp\/v2\/pages\/21715\/revisions\/23637"}],"up":[{"embeddable":true,"href":"https:\/\/www.montage.com\/lagunabeach\/wp-json\/wp\/v2\/pages\/1165"}],"wp:attachment":[{"href":"https:\/\/www.montage.com\/lagunabeach\/wp-json\/wp\/v2\/media?parent=21715"}],"curies":[{"name":"wp","href":"https:\/\/api.w.org\/{rel}","templated":true}]}}